{"id":3464,"date":"2025-10-02T22:47:55","date_gmt":"2025-10-02T20:47:55","guid":{"rendered":"https:\/\/annapratbrand.com\/?post_type=product&#038;p=3464"},"modified":"2025-10-16T10:07:33","modified_gmt":"2025-10-16T08:07:33","slug":"mod-9-blouse-lea-2","status":"publish","type":"product","link":"https:\/\/annapratbrand.com\/ca\/producto\/mod-9-blouse-lea-2\/","title":{"rendered":"<br>MOD 51B SHORT DRESS TWEED"},"content":{"rendered":"<div class=\"wp-block-image\">\n<p data-start=\"148\" data-end=\"196\"><strong data-start=\"152\" data-end=\"196\">Vestit curt camiser en tweed el\u00e0stic. <\/strong><\/p>\n<ul data-start=\"437\" data-end=\"976\">\n<li data-start=\"437\" data-end=\"497\">\n<p data-start=\"439\" data-end=\"497\">Curt, camiser, silueta estructurada per\u00f2 c\u00f2moda.<\/p>\n<\/li>\n<li data-start=\"498\" data-end=\"572\">\n<p data-start=\"500\" data-end=\"572\">Teixit Tweed el\u00e0stic en tons vermell, ivori i tocs de fil platejat.<\/p>\n<\/li>\n<li data-start=\"573\" data-end=\"601\">\n<p data-start=\"575\" data-end=\"601\">Coll camiser cl\u00e0ssic.<\/p>\n<\/li>\n<li data-start=\"602\" data-end=\"663\">\n<p data-start=\"604\" data-end=\"663\">Tancament frontal amb botons tipus bola en to plata vella.<\/p>\n<\/li>\n<li data-start=\"664\" data-end=\"699\">\n<p data-start=\"666\" data-end=\"699\">Butxaques frontals integrades.<\/p>\n<\/li>\n<li data-start=\"664\" data-end=\"699\">\n<p data-start=\"666\" data-end=\"699\">Brillantor subtil al teixit, acabats met\u00e0l\u00b7lics amb aire vintage.<\/p>\n<\/li>\n<li data-start=\"777\" data-end=\"832\">\n<p data-start=\"779\" data-end=\"832\">Estil atemporal, amb inspiraci\u00f3 Retro i parisenca.<\/p>\n<\/li>\n<li data-start=\"833\" data-end=\"899\">\n<p data-start=\"835\" data-end=\"899\">Comodidad. Tejido el\u00e1stico que se adapta al cuerpo sin ajustar.<\/p>\n<\/li>\n<li data-start=\"900\" data-end=\"976\">\n<p data-start=\"902\" data-end=\"976\">Ideal per a looks de dia o nit; combina amb botes, mocasins o talons.<\/p>\n<\/li>\n<\/ul>\n<p data-start=\"145\" data-end=\"512\">Col\u00b7lecci\u00f3 de peces realitzades amb teixit de tweed el\u00e0stic en tons vermell-ivory-negre amb lleugers centelleigs de fil platejat. Peces actuals d&#8217;estil Paris\u00ed. Col\u00b7lecci\u00f3 \u201cmust have\u201d. <strong>&#8220;Looks cl\u00e0ssics renovats per a dones que no repeteixen hist\u00f2ria&#8221;<\/strong><\/p>\n<div class=\"wp-block-image\">\n<div class=\"wp-block-image\">\n<p>&nbsp;<\/p>\n<div class=\"wp-block-image\">\n<p>&nbsp;<\/p>\n<div class=\"wp-block-image\">\n<p>&nbsp;<\/p>\n<div class=\"wp-block-image\">\n<p>&nbsp;<\/p>\n<div class=\"wp-block-image\">\n<p>&nbsp;<\/p>\n<\/div>\n<\/div>\n<\/div>\n<\/div>\n<\/div>\n<\/div>\n<p>&nbsp;<\/p>\n<p>&nbsp;<\/p>\n<div class=\"wp-block-image\">\n<p>&nbsp;<\/p>\n<div class=\"wp-block-image\">\n<p>&nbsp;<\/p>\n<div class=\"wp-block-image\">\n<div class=\"wp-block-image\"><\/div>\n<\/div>\n<\/div>\n<\/div>\n<\/div>\n<div class=\"wp-block-image\">\n<p>&nbsp;<\/p>\n<div class=\"wp-block-image\">\n<p>&nbsp;<\/p>\n<div class=\"wp-block-image\">\n<p>&nbsp;<\/p>\n<div class=\"wp-block-image\">\n<p>&nbsp;<\/p>\n<div class=\"wp-block-image\"><\/div>\n<\/div>\n<\/div>\n<div class=\"wp-block-image\">\n<p>&nbsp;<\/p>\n<div class=\"wp-block-image\"><\/div>\n<\/div>\n<\/div>\n<\/div>\n","protected":false},"excerpt":{"rendered":"<p>Vestit curt camiser en tweed el\u00e0stic. Curt, camiser, silueta estructurada per\u00f2 c\u00f2moda. Teixit Tweed el\u00e0stic en tons vermell, ivori i tocs de fil platejat. Coll camiser cl\u00e0ssic. Tancament frontal amb botons tipus bola en to plata vella. Butxaques frontals integrades. Brillantor subtil al teixit, acabats met\u00e0l\u00b7lics amb aire vintage. Estil atemporal, amb inspiraci\u00f3 Retro i&hellip; <a class=\"continue\" href=\"https:\/\/annapratbrand.com\/ca\/producto\/mod-9-blouse-lea-2\/\">Continue Reading<span> <br \/>MOD 51B SHORT DRESS TWEED<\/span><\/a><\/p>\n","protected":false},"featured_media":2862,"template":"","meta":{"_et_pb_use_builder":"","_et_pb_old_content":"","_et_gb_content_width":""},"product_brand":[],"product_cat":[231,176,232],"product_tag":[],"class_list":{"0":"post-3464","1":"product","2":"type-product","3":"status-publish","4":"has-post-thumbnail","6":"product_cat-hivern-25-26","7":"product_cat-short-dress-ca","8":"product_cat-tweed-ca","10":"first","11":"instock","12":"shipping-taxable","13":"product-type-simple"},"yoast_head":"<!-- This site is optimized with the Yoast SEO plugin v27.4 - https:\/\/yoast.com\/product\/yoast-seo-wordpress\/ -->\n<title>MOD 51B SHORT DRESS TWEED - Anna Prat Personal Brand<\/title>\n<meta name=\"robots\" content=\"index, follow, max-snippet:-1, max-image-preview:large, max-video-preview:-1\" \/>\n<link rel=\"canonical\" href=\"https:\/\/annapratbrand.com\/ca\/producto\/mod-9-blouse-lea-2\/\" \/>\n<meta property=\"og:locale\" content=\"ca_ES\" \/>\n<meta property=\"og:type\" content=\"article\" \/>\n<meta property=\"og:title\" content=\"MOD 51B SHORT DRESS TWEED - Anna Prat Personal Brand\" \/>\n<meta property=\"og:description\" content=\"Vestit curt camiser en tweed el\u00e0stic. Curt, camiser, silueta estructurada per\u00f2 c\u00f2moda. Teixit Tweed el\u00e0stic en tons vermell, ivori i tocs de fil platejat. Coll camiser cl\u00e0ssic. Tancament frontal amb botons tipus bola en to plata vella. Butxaques frontals integrades. Brillantor subtil al teixit, acabats met\u00e0l\u00b7lics amb aire vintage. Estil atemporal, amb inspiraci\u00f3 Retro i&hellip; Continue Reading MOD 51B SHORT DRESS TWEED\" \/>\n<meta property=\"og:url\" content=\"https:\/\/annapratbrand.com\/ca\/producto\/mod-9-blouse-lea-2\/\" \/>\n<meta property=\"og:site_name\" content=\"Anna Prat Personal Brand\" \/>\n<meta property=\"article:publisher\" content=\"https:\/\/www.facebook.com\/people\/Anna-Prat\/61565411204077\/\" \/>\n<meta property=\"article:modified_time\" content=\"2025-10-16T08:07:33+00:00\" \/>\n<meta property=\"og:image\" content=\"https:\/\/annapratbrand.com\/wp-content\/uploads\/2025\/09\/124-copia-scaled.webp\" \/>\n\t<meta property=\"og:image:width\" content=\"1707\" \/>\n\t<meta property=\"og:image:height\" content=\"2560\" \/>\n\t<meta property=\"og:image:type\" content=\"image\/webp\" \/>\n<meta name=\"twitter:card\" content=\"summary_large_image\" \/>\n<script type=\"application\/ld+json\" class=\"yoast-schema-graph\">{\"@context\":\"https:\\\/\\\/schema.org\",\"@graph\":[{\"@type\":\"WebPage\",\"@id\":\"https:\\\/\\\/annapratbrand.com\\\/ca\\\/producto\\\/mod-9-blouse-lea-2\\\/\",\"url\":\"https:\\\/\\\/annapratbrand.com\\\/ca\\\/producto\\\/mod-9-blouse-lea-2\\\/\",\"name\":\"MOD 51B SHORT DRESS TWEED - Anna Prat Personal Brand\",\"isPartOf\":{\"@id\":\"https:\\\/\\\/annapratbrand.com\\\/ca\\\/#website\"},\"primaryImageOfPage\":{\"@id\":\"https:\\\/\\\/annapratbrand.com\\\/ca\\\/producto\\\/mod-9-blouse-lea-2\\\/#primaryimage\"},\"image\":{\"@id\":\"https:\\\/\\\/annapratbrand.com\\\/ca\\\/producto\\\/mod-9-blouse-lea-2\\\/#primaryimage\"},\"thumbnailUrl\":\"https:\\\/\\\/annapratbrand.com\\\/wp-content\\\/uploads\\\/2025\\\/09\\\/124-copia-scaled.webp\",\"datePublished\":\"2025-10-02T20:47:55+00:00\",\"dateModified\":\"2025-10-16T08:07:33+00:00\",\"breadcrumb\":{\"@id\":\"https:\\\/\\\/annapratbrand.com\\\/ca\\\/producto\\\/mod-9-blouse-lea-2\\\/#breadcrumb\"},\"inLanguage\":\"ca\",\"potentialAction\":[{\"@type\":\"ReadAction\",\"target\":[\"https:\\\/\\\/annapratbrand.com\\\/ca\\\/producto\\\/mod-9-blouse-lea-2\\\/\"]}]},{\"@type\":\"ImageObject\",\"inLanguage\":\"ca\",\"@id\":\"https:\\\/\\\/annapratbrand.com\\\/ca\\\/producto\\\/mod-9-blouse-lea-2\\\/#primaryimage\",\"url\":\"https:\\\/\\\/annapratbrand.com\\\/wp-content\\\/uploads\\\/2025\\\/09\\\/124-copia-scaled.webp\",\"contentUrl\":\"https:\\\/\\\/annapratbrand.com\\\/wp-content\\\/uploads\\\/2025\\\/09\\\/124-copia-scaled.webp\",\"width\":1707,\"height\":2560},{\"@type\":\"BreadcrumbList\",\"@id\":\"https:\\\/\\\/annapratbrand.com\\\/ca\\\/producto\\\/mod-9-blouse-lea-2\\\/#breadcrumb\",\"itemListElement\":[{\"@type\":\"ListItem\",\"position\":1,\"name\":\"Portada\",\"item\":\"https:\\\/\\\/annapratbrand.com\\\/ca\\\/home\\\/\"},{\"@type\":\"ListItem\",\"position\":2,\"name\":\"Productes\",\"item\":\"https:\\\/\\\/annapratbrand.com\\\/ca\\\/shop\\\/\"},{\"@type\":\"ListItem\",\"position\":3,\"name\":\"MOD 51B SHORT DRESS TWEED\"}]},{\"@type\":\"WebSite\",\"@id\":\"https:\\\/\\\/annapratbrand.com\\\/ca\\\/#website\",\"url\":\"https:\\\/\\\/annapratbrand.com\\\/ca\\\/\",\"name\":\"Anna Prat Personal Brand\",\"description\":\"Anna Prat Brand\",\"publisher\":{\"@id\":\"https:\\\/\\\/annapratbrand.com\\\/ca\\\/#organization\"},\"potentialAction\":[{\"@type\":\"SearchAction\",\"target\":{\"@type\":\"EntryPoint\",\"urlTemplate\":\"https:\\\/\\\/annapratbrand.com\\\/ca\\\/?s={search_term_string}\"},\"query-input\":{\"@type\":\"PropertyValueSpecification\",\"valueRequired\":true,\"valueName\":\"search_term_string\"}}],\"inLanguage\":\"ca\"},{\"@type\":\"Organization\",\"@id\":\"https:\\\/\\\/annapratbrand.com\\\/ca\\\/#organization\",\"name\":\"Anna Prat Personal Brand\",\"url\":\"https:\\\/\\\/annapratbrand.com\\\/ca\\\/\",\"logo\":{\"@type\":\"ImageObject\",\"inLanguage\":\"ca\",\"@id\":\"https:\\\/\\\/annapratbrand.com\\\/ca\\\/#\\\/schema\\\/logo\\\/image\\\/\",\"url\":\"https:\\\/\\\/annapratbrand.com\\\/wp-content\\\/uploads\\\/2025\\\/04\\\/logo_mes_gran.jpg\",\"contentUrl\":\"https:\\\/\\\/annapratbrand.com\\\/wp-content\\\/uploads\\\/2025\\\/04\\\/logo_mes_gran.jpg\",\"width\":428,\"height\":152,\"caption\":\"Anna Prat Personal Brand\"},\"image\":{\"@id\":\"https:\\\/\\\/annapratbrand.com\\\/ca\\\/#\\\/schema\\\/logo\\\/image\\\/\"},\"sameAs\":[\"https:\\\/\\\/www.facebook.com\\\/people\\\/Anna-Prat\\\/61565411204077\\\/\",\"https:\\\/\\\/www.instagram.com\\\/annapratannananuski\\\/\"]}]}<\/script>\n<!-- \/ Yoast SEO plugin. -->","yoast_head_json":{"title":"MOD 51B SHORT DRESS TWEED - Anna Prat Personal Brand","robots":{"index":"index","follow":"follow","max-snippet":"max-snippet:-1","max-image-preview":"max-image-preview:large","max-video-preview":"max-video-preview:-1"},"canonical":"https:\/\/annapratbrand.com\/ca\/producto\/mod-9-blouse-lea-2\/","og_locale":"ca_ES","og_type":"article","og_title":"MOD 51B SHORT DRESS TWEED - Anna Prat Personal Brand","og_description":"Vestit curt camiser en tweed el\u00e0stic. Curt, camiser, silueta estructurada per\u00f2 c\u00f2moda. Teixit Tweed el\u00e0stic en tons vermell, ivori i tocs de fil platejat. Coll camiser cl\u00e0ssic. Tancament frontal amb botons tipus bola en to plata vella. Butxaques frontals integrades. Brillantor subtil al teixit, acabats met\u00e0l\u00b7lics amb aire vintage. Estil atemporal, amb inspiraci\u00f3 Retro i&hellip; Continue Reading MOD 51B SHORT DRESS TWEED","og_url":"https:\/\/annapratbrand.com\/ca\/producto\/mod-9-blouse-lea-2\/","og_site_name":"Anna Prat Personal Brand","article_publisher":"https:\/\/www.facebook.com\/people\/Anna-Prat\/61565411204077\/","article_modified_time":"2025-10-16T08:07:33+00:00","og_image":[{"width":1707,"height":2560,"url":"https:\/\/annapratbrand.com\/wp-content\/uploads\/2025\/09\/124-copia-scaled.webp","type":"image\/webp"}],"twitter_card":"summary_large_image","schema":{"@context":"https:\/\/schema.org","@graph":[{"@type":"WebPage","@id":"https:\/\/annapratbrand.com\/ca\/producto\/mod-9-blouse-lea-2\/","url":"https:\/\/annapratbrand.com\/ca\/producto\/mod-9-blouse-lea-2\/","name":"MOD 51B SHORT DRESS TWEED - Anna Prat Personal Brand","isPartOf":{"@id":"https:\/\/annapratbrand.com\/ca\/#website"},"primaryImageOfPage":{"@id":"https:\/\/annapratbrand.com\/ca\/producto\/mod-9-blouse-lea-2\/#primaryimage"},"image":{"@id":"https:\/\/annapratbrand.com\/ca\/producto\/mod-9-blouse-lea-2\/#primaryimage"},"thumbnailUrl":"https:\/\/annapratbrand.com\/wp-content\/uploads\/2025\/09\/124-copia-scaled.webp","datePublished":"2025-10-02T20:47:55+00:00","dateModified":"2025-10-16T08:07:33+00:00","breadcrumb":{"@id":"https:\/\/annapratbrand.com\/ca\/producto\/mod-9-blouse-lea-2\/#breadcrumb"},"inLanguage":"ca","potentialAction":[{"@type":"ReadAction","target":["https:\/\/annapratbrand.com\/ca\/producto\/mod-9-blouse-lea-2\/"]}]},{"@type":"ImageObject","inLanguage":"ca","@id":"https:\/\/annapratbrand.com\/ca\/producto\/mod-9-blouse-lea-2\/#primaryimage","url":"https:\/\/annapratbrand.com\/wp-content\/uploads\/2025\/09\/124-copia-scaled.webp","contentUrl":"https:\/\/annapratbrand.com\/wp-content\/uploads\/2025\/09\/124-copia-scaled.webp","width":1707,"height":2560},{"@type":"BreadcrumbList","@id":"https:\/\/annapratbrand.com\/ca\/producto\/mod-9-blouse-lea-2\/#breadcrumb","itemListElement":[{"@type":"ListItem","position":1,"name":"Portada","item":"https:\/\/annapratbrand.com\/ca\/home\/"},{"@type":"ListItem","position":2,"name":"Productes","item":"https:\/\/annapratbrand.com\/ca\/shop\/"},{"@type":"ListItem","position":3,"name":"MOD 51B SHORT DRESS TWEED"}]},{"@type":"WebSite","@id":"https:\/\/annapratbrand.com\/ca\/#website","url":"https:\/\/annapratbrand.com\/ca\/","name":"Anna Prat Personal Brand","description":"Anna Prat Brand","publisher":{"@id":"https:\/\/annapratbrand.com\/ca\/#organization"},"potentialAction":[{"@type":"SearchAction","target":{"@type":"EntryPoint","urlTemplate":"https:\/\/annapratbrand.com\/ca\/?s={search_term_string}"},"query-input":{"@type":"PropertyValueSpecification","valueRequired":true,"valueName":"search_term_string"}}],"inLanguage":"ca"},{"@type":"Organization","@id":"https:\/\/annapratbrand.com\/ca\/#organization","name":"Anna Prat Personal Brand","url":"https:\/\/annapratbrand.com\/ca\/","logo":{"@type":"ImageObject","inLanguage":"ca","@id":"https:\/\/annapratbrand.com\/ca\/#\/schema\/logo\/image\/","url":"https:\/\/annapratbrand.com\/wp-content\/uploads\/2025\/04\/logo_mes_gran.jpg","contentUrl":"https:\/\/annapratbrand.com\/wp-content\/uploads\/2025\/04\/logo_mes_gran.jpg","width":428,"height":152,"caption":"Anna Prat Personal Brand"},"image":{"@id":"https:\/\/annapratbrand.com\/ca\/#\/schema\/logo\/image\/"},"sameAs":["https:\/\/www.facebook.com\/people\/Anna-Prat\/61565411204077\/","https:\/\/www.instagram.com\/annapratannananuski\/"]}]}},"_links":{"self":[{"href":"https:\/\/annapratbrand.com\/ca\/wp-json\/wp\/v2\/product\/3464","targetHints":{"allow":["GET"]}}],"collection":[{"href":"https:\/\/annapratbrand.com\/ca\/wp-json\/wp\/v2\/product"}],"about":[{"href":"https:\/\/annapratbrand.com\/ca\/wp-json\/wp\/v2\/types\/product"}],"wp:featuredmedia":[{"embeddable":true,"href":"https:\/\/annapratbrand.com\/ca\/wp-json\/wp\/v2\/media\/2862"}],"wp:attachment":[{"href":"https:\/\/annapratbrand.com\/ca\/wp-json\/wp\/v2\/media?parent=3464"}],"wp:term":[{"taxonomy":"product_brand","embeddable":true,"href":"https:\/\/annapratbrand.com\/ca\/wp-json\/wp\/v2\/product_brand?post=3464"},{"taxonomy":"product_cat","embeddable":true,"href":"https:\/\/annapratbrand.com\/ca\/wp-json\/wp\/v2\/product_cat?post=3464"},{"taxonomy":"product_tag","embeddable":true,"href":"https:\/\/annapratbrand.com\/ca\/wp-json\/wp\/v2\/product_tag?post=3464"}],"curies":[{"name":"wp","href":"https:\/\/api.w.org\/{rel}","templated":true}]}}