{"id":3456,"date":"2025-10-02T22:35:11","date_gmt":"2025-10-02T20:35:11","guid":{"rendered":"https:\/\/annapratbrand.com\/?post_type=product&#038;p=3456"},"modified":"2025-10-17T09:10:25","modified_gmt":"2025-10-17T07:10:25","slug":"mod-9-blouse-lea-copia-copia-copia-copia-copia-copia-copia-copia-copia-copia-copia-copia-copia-copia-copia-copia-copia-copia-copia-copia","status":"publish","type":"product","link":"https:\/\/annapratbrand.com\/ca\/producto\/mod-9-blouse-lea-copia-copia-copia-copia-copia-copia-copia-copia-copia-copia-copia-copia-copia-copia-copia-copia-copia-copia-copia-copia\/","title":{"rendered":"MOD 74 PANT TWEED"},"content":{"rendered":"<div class=\"wp-block-image\">\n<p data-start=\"131\" data-end=\"194\"><strong data-start=\"135\" data-end=\"194\">Pantalons rectes en tweed el\u00e0stic amb butxaques plastr\u00f3. <\/strong><\/p>\n<ul data-start=\"451\" data-end=\"1077\">\n<li data-start=\"451\" data-end=\"498\">\n<p data-start=\"453\" data-end=\"498\">Tall: Recte, silueta neta i afavoridora.<\/p>\n<\/li>\n<li data-start=\"499\" data-end=\"568\">\n<p data-start=\"501\" data-end=\"568\">Teixit: Tweed el\u00e0stic en tons vermell, ivory i centelleigs platejats i c\u00e0lid.<\/p>\n<\/li>\n<li data-start=\"569\" data-end=\"649\">\n<p data-start=\"571\" data-end=\"649\">Cintura: Amb goma el\u00e0stica interna a la part posterior per a m\u00e9s comoditat.<\/p>\n<\/li>\n<li data-start=\"650\" data-end=\"718\">\n<p data-start=\"652\" data-end=\"718\">Tancament: Cremallera frontal + bot\u00f3 tipus bola en to plata vella.<\/p>\n<\/li>\n<li data-start=\"719\" data-end=\"789\">\n<p data-start=\"721\" data-end=\"789\">Butxaques: Frontals tipus plastr\u00f3 amb botons decoratius a joc.<\/p>\n<\/li>\n<li data-start=\"790\" data-end=\"862\">\n<p data-start=\"792\" data-end=\"862\">Detalls: Brillantor subtil al teixit, acabat c\u00e0lid i suau al tacte.<\/p>\n<\/li>\n<li data-start=\"863\" data-end=\"919\">\n<p data-start=\"865\" data-end=\"919\">Estil: Atemporal, vers\u00e0til amb un toc retro i chic parisenc.<\/p>\n<\/li>\n<li data-start=\"920\" data-end=\"995\">\n<p data-start=\"922\" data-end=\"995\">Comoditat: Alta elasticitat, ideal per a \u00fas diari sense perdre eleg\u00e0ncia.<\/p>\n<\/li>\n<\/ul>\n<div class=\"wp-block-image\">\n<p data-start=\"145\" data-end=\"512\">Col\u00b7lecci\u00f3 de peces realitzades amb teixit de tweed el\u00e0stic en tons vermell-ivory-negre amb lleugers centelleigs de fil platejat. Peces actuals d&#8217;estil Paris\u00ed. Col\u00b7lecci\u00f3 \u201cmust have\u201d.   <strong>&#8220;Looks cl\u00e0ssics renovats per a dones que no repeteixen hist\u00f2ria&#8221;<\/strong><\/p>\n<div class=\"wp-block-image\">\n<div class=\"wp-block-image\">\n<p>&nbsp;<\/p>\n<\/div>\n<\/div>\n<div class=\"wp-block-image\">\n<p>&nbsp;<\/p>\n<div class=\"wp-block-image\">\n<p>&nbsp;<\/p>\n<div class=\"wp-block-image\">\n<p>&nbsp;<\/p>\n<div class=\"wp-block-image\">\n<p>&nbsp;<\/p>\n<div class=\"wp-block-image\">\n<p>&nbsp;<\/p>\n<\/div>\n<\/div>\n<\/div>\n<\/div>\n<\/div>\n<\/div>\n<p>&nbsp;<\/p>\n<p>&nbsp;<\/p>\n<div class=\"wp-block-image\">\n<p>&nbsp;<\/p>\n<div class=\"wp-block-image\">\n<p>&nbsp;<\/p>\n<div class=\"wp-block-image\">\n<div class=\"wp-block-image\"><\/div>\n<\/div>\n<\/div>\n<\/div>\n<\/div>\n<div class=\"wp-block-image\">\n<p>&nbsp;<\/p>\n<div class=\"wp-block-image\">\n<p>&nbsp;<\/p>\n<div class=\"wp-block-image\">\n<p>&nbsp;<\/p>\n<div class=\"wp-block-image\">\n<p>&nbsp;<\/p>\n<div class=\"wp-block-image\"><\/div>\n<\/div>\n<\/div>\n<div class=\"wp-block-image\">\n<p>&nbsp;<\/p>\n<div class=\"wp-block-image\"><\/div>\n<\/div>\n<\/div>\n<\/div>\n","protected":false},"excerpt":{"rendered":"<p>Pantalons rectes en tweed el\u00e0stic amb butxaques plastr\u00f3. Tall: Recte, silueta neta i afavoridora. Teixit: Tweed el\u00e0stic en tons vermell, ivory i centelleigs platejats i c\u00e0lid. Cintura: Amb goma el\u00e0stica interna a la part posterior per a m\u00e9s comoditat. Tancament: Cremallera frontal + bot\u00f3 tipus bola en to plata vella. Butxaques: Frontals tipus plastr\u00f3 amb&hellip; <a class=\"continue\" href=\"https:\/\/annapratbrand.com\/ca\/producto\/mod-9-blouse-lea-copia-copia-copia-copia-copia-copia-copia-copia-copia-copia-copia-copia-copia-copia-copia-copia-copia-copia-copia-copia\/\">Continue Reading<span> MOD 74 PANT TWEED<\/span><\/a><\/p>\n","protected":false},"featured_media":2836,"template":"","meta":{"_et_pb_use_builder":"","_et_pb_old_content":"","_et_gb_content_width":""},"product_brand":[],"product_cat":[231,168,232],"product_tag":[],"class_list":{"0":"post-3456","1":"product","2":"type-product","3":"status-publish","4":"has-post-thumbnail","6":"product_cat-hivern-25-26","7":"product_cat-pant-ca","8":"product_cat-tweed-ca","10":"first","11":"instock","12":"shipping-taxable","13":"product-type-simple"},"yoast_head":"<!-- This site is optimized with the Yoast SEO plugin v27.4 - https:\/\/yoast.com\/product\/yoast-seo-wordpress\/ -->\n<title>MOD 74 PANT TWEED - Anna Prat Personal Brand<\/title>\n<meta name=\"robots\" content=\"index, follow, max-snippet:-1, max-image-preview:large, max-video-preview:-1\" \/>\n<link rel=\"canonical\" href=\"https:\/\/annapratbrand.com\/ca\/producto\/mod-9-blouse-lea-copia-copia-copia-copia-copia-copia-copia-copia-copia-copia-copia-copia-copia-copia-copia-copia-copia-copia-copia-copia\/\" \/>\n<meta property=\"og:locale\" content=\"ca_ES\" \/>\n<meta property=\"og:type\" content=\"article\" \/>\n<meta property=\"og:title\" content=\"MOD 74 PANT TWEED - Anna Prat Personal Brand\" \/>\n<meta property=\"og:description\" content=\"Pantalons rectes en tweed el\u00e0stic amb butxaques plastr\u00f3. Tall: Recte, silueta neta i afavoridora. Teixit: Tweed el\u00e0stic en tons vermell, ivory i centelleigs platejats i c\u00e0lid. Cintura: Amb goma el\u00e0stica interna a la part posterior per a m\u00e9s comoditat. Tancament: Cremallera frontal + bot\u00f3 tipus bola en to plata vella. Butxaques: Frontals tipus plastr\u00f3 amb&hellip; Continue Reading MOD 74 PANT TWEED\" \/>\n<meta property=\"og:url\" content=\"https:\/\/annapratbrand.com\/ca\/producto\/mod-9-blouse-lea-copia-copia-copia-copia-copia-copia-copia-copia-copia-copia-copia-copia-copia-copia-copia-copia-copia-copia-copia-copia\/\" \/>\n<meta property=\"og:site_name\" content=\"Anna Prat Personal Brand\" \/>\n<meta property=\"article:publisher\" content=\"https:\/\/www.facebook.com\/people\/Anna-Prat\/61565411204077\/\" \/>\n<meta property=\"article:modified_time\" content=\"2025-10-17T07:10:25+00:00\" \/>\n<meta property=\"og:image\" content=\"https:\/\/annapratbrand.com\/wp-content\/uploads\/2025\/09\/119-copia-scaled.jpg\" \/>\n\t<meta property=\"og:image:width\" content=\"1707\" \/>\n\t<meta property=\"og:image:height\" content=\"2560\" \/>\n\t<meta property=\"og:image:type\" content=\"image\/jpeg\" \/>\n<meta name=\"twitter:card\" content=\"summary_large_image\" \/>\n<script type=\"application\/ld+json\" class=\"yoast-schema-graph\">{\"@context\":\"https:\\\/\\\/schema.org\",\"@graph\":[{\"@type\":\"WebPage\",\"@id\":\"https:\\\/\\\/annapratbrand.com\\\/ca\\\/producto\\\/mod-9-blouse-lea-copia-copia-copia-copia-copia-copia-copia-copia-copia-copia-copia-copia-copia-copia-copia-copia-copia-copia-copia-copia\\\/\",\"url\":\"https:\\\/\\\/annapratbrand.com\\\/ca\\\/producto\\\/mod-9-blouse-lea-copia-copia-copia-copia-copia-copia-copia-copia-copia-copia-copia-copia-copia-copia-copia-copia-copia-copia-copia-copia\\\/\",\"name\":\"MOD 74 PANT TWEED - Anna Prat Personal Brand\",\"isPartOf\":{\"@id\":\"https:\\\/\\\/annapratbrand.com\\\/ca\\\/#website\"},\"primaryImageOfPage\":{\"@id\":\"https:\\\/\\\/annapratbrand.com\\\/ca\\\/producto\\\/mod-9-blouse-lea-copia-copia-copia-copia-copia-copia-copia-copia-copia-copia-copia-copia-copia-copia-copia-copia-copia-copia-copia-copia\\\/#primaryimage\"},\"image\":{\"@id\":\"https:\\\/\\\/annapratbrand.com\\\/ca\\\/producto\\\/mod-9-blouse-lea-copia-copia-copia-copia-copia-copia-copia-copia-copia-copia-copia-copia-copia-copia-copia-copia-copia-copia-copia-copia\\\/#primaryimage\"},\"thumbnailUrl\":\"https:\\\/\\\/annapratbrand.com\\\/wp-content\\\/uploads\\\/2025\\\/09\\\/119-copia-scaled.jpg\",\"datePublished\":\"2025-10-02T20:35:11+00:00\",\"dateModified\":\"2025-10-17T07:10:25+00:00\",\"breadcrumb\":{\"@id\":\"https:\\\/\\\/annapratbrand.com\\\/ca\\\/producto\\\/mod-9-blouse-lea-copia-copia-copia-copia-copia-copia-copia-copia-copia-copia-copia-copia-copia-copia-copia-copia-copia-copia-copia-copia\\\/#breadcrumb\"},\"inLanguage\":\"ca\",\"potentialAction\":[{\"@type\":\"ReadAction\",\"target\":[\"https:\\\/\\\/annapratbrand.com\\\/ca\\\/producto\\\/mod-9-blouse-lea-copia-copia-copia-copia-copia-copia-copia-copia-copia-copia-copia-copia-copia-copia-copia-copia-copia-copia-copia-copia\\\/\"]}]},{\"@type\":\"ImageObject\",\"inLanguage\":\"ca\",\"@id\":\"https:\\\/\\\/annapratbrand.com\\\/ca\\\/producto\\\/mod-9-blouse-lea-copia-copia-copia-copia-copia-copia-copia-copia-copia-copia-copia-copia-copia-copia-copia-copia-copia-copia-copia-copia\\\/#primaryimage\",\"url\":\"https:\\\/\\\/annapratbrand.com\\\/wp-content\\\/uploads\\\/2025\\\/09\\\/119-copia-scaled.jpg\",\"contentUrl\":\"https:\\\/\\\/annapratbrand.com\\\/wp-content\\\/uploads\\\/2025\\\/09\\\/119-copia-scaled.jpg\",\"width\":1707,\"height\":2560},{\"@type\":\"BreadcrumbList\",\"@id\":\"https:\\\/\\\/annapratbrand.com\\\/ca\\\/producto\\\/mod-9-blouse-lea-copia-copia-copia-copia-copia-copia-copia-copia-copia-copia-copia-copia-copia-copia-copia-copia-copia-copia-copia-copia\\\/#breadcrumb\",\"itemListElement\":[{\"@type\":\"ListItem\",\"position\":1,\"name\":\"Portada\",\"item\":\"https:\\\/\\\/annapratbrand.com\\\/ca\\\/home\\\/\"},{\"@type\":\"ListItem\",\"position\":2,\"name\":\"Productes\",\"item\":\"https:\\\/\\\/annapratbrand.com\\\/ca\\\/shop\\\/\"},{\"@type\":\"ListItem\",\"position\":3,\"name\":\"MOD 74 PANT TWEED\"}]},{\"@type\":\"WebSite\",\"@id\":\"https:\\\/\\\/annapratbrand.com\\\/ca\\\/#website\",\"url\":\"https:\\\/\\\/annapratbrand.com\\\/ca\\\/\",\"name\":\"Anna Prat Personal Brand\",\"description\":\"Anna Prat Brand\",\"publisher\":{\"@id\":\"https:\\\/\\\/annapratbrand.com\\\/ca\\\/#organization\"},\"potentialAction\":[{\"@type\":\"SearchAction\",\"target\":{\"@type\":\"EntryPoint\",\"urlTemplate\":\"https:\\\/\\\/annapratbrand.com\\\/ca\\\/?s={search_term_string}\"},\"query-input\":{\"@type\":\"PropertyValueSpecification\",\"valueRequired\":true,\"valueName\":\"search_term_string\"}}],\"inLanguage\":\"ca\"},{\"@type\":\"Organization\",\"@id\":\"https:\\\/\\\/annapratbrand.com\\\/ca\\\/#organization\",\"name\":\"Anna Prat Personal Brand\",\"url\":\"https:\\\/\\\/annapratbrand.com\\\/ca\\\/\",\"logo\":{\"@type\":\"ImageObject\",\"inLanguage\":\"ca\",\"@id\":\"https:\\\/\\\/annapratbrand.com\\\/ca\\\/#\\\/schema\\\/logo\\\/image\\\/\",\"url\":\"https:\\\/\\\/annapratbrand.com\\\/wp-content\\\/uploads\\\/2025\\\/04\\\/logo_mes_gran.jpg\",\"contentUrl\":\"https:\\\/\\\/annapratbrand.com\\\/wp-content\\\/uploads\\\/2025\\\/04\\\/logo_mes_gran.jpg\",\"width\":428,\"height\":152,\"caption\":\"Anna Prat Personal Brand\"},\"image\":{\"@id\":\"https:\\\/\\\/annapratbrand.com\\\/ca\\\/#\\\/schema\\\/logo\\\/image\\\/\"},\"sameAs\":[\"https:\\\/\\\/www.facebook.com\\\/people\\\/Anna-Prat\\\/61565411204077\\\/\",\"https:\\\/\\\/www.instagram.com\\\/annapratannananuski\\\/\"]}]}<\/script>\n<!-- \/ Yoast SEO plugin. -->","yoast_head_json":{"title":"MOD 74 PANT TWEED - Anna Prat Personal Brand","robots":{"index":"index","follow":"follow","max-snippet":"max-snippet:-1","max-image-preview":"max-image-preview:large","max-video-preview":"max-video-preview:-1"},"canonical":"https:\/\/annapratbrand.com\/ca\/producto\/mod-9-blouse-lea-copia-copia-copia-copia-copia-copia-copia-copia-copia-copia-copia-copia-copia-copia-copia-copia-copia-copia-copia-copia\/","og_locale":"ca_ES","og_type":"article","og_title":"MOD 74 PANT TWEED - Anna Prat Personal Brand","og_description":"Pantalons rectes en tweed el\u00e0stic amb butxaques plastr\u00f3. Tall: Recte, silueta neta i afavoridora. Teixit: Tweed el\u00e0stic en tons vermell, ivory i centelleigs platejats i c\u00e0lid. Cintura: Amb goma el\u00e0stica interna a la part posterior per a m\u00e9s comoditat. Tancament: Cremallera frontal + bot\u00f3 tipus bola en to plata vella. Butxaques: Frontals tipus plastr\u00f3 amb&hellip; Continue Reading MOD 74 PANT TWEED","og_url":"https:\/\/annapratbrand.com\/ca\/producto\/mod-9-blouse-lea-copia-copia-copia-copia-copia-copia-copia-copia-copia-copia-copia-copia-copia-copia-copia-copia-copia-copia-copia-copia\/","og_site_name":"Anna Prat Personal Brand","article_publisher":"https:\/\/www.facebook.com\/people\/Anna-Prat\/61565411204077\/","article_modified_time":"2025-10-17T07:10:25+00:00","og_image":[{"width":1707,"height":2560,"url":"https:\/\/annapratbrand.com\/wp-content\/uploads\/2025\/09\/119-copia-scaled.jpg","type":"image\/jpeg"}],"twitter_card":"summary_large_image","schema":{"@context":"https:\/\/schema.org","@graph":[{"@type":"WebPage","@id":"https:\/\/annapratbrand.com\/ca\/producto\/mod-9-blouse-lea-copia-copia-copia-copia-copia-copia-copia-copia-copia-copia-copia-copia-copia-copia-copia-copia-copia-copia-copia-copia\/","url":"https:\/\/annapratbrand.com\/ca\/producto\/mod-9-blouse-lea-copia-copia-copia-copia-copia-copia-copia-copia-copia-copia-copia-copia-copia-copia-copia-copia-copia-copia-copia-copia\/","name":"MOD 74 PANT TWEED - Anna Prat Personal Brand","isPartOf":{"@id":"https:\/\/annapratbrand.com\/ca\/#website"},"primaryImageOfPage":{"@id":"https:\/\/annapratbrand.com\/ca\/producto\/mod-9-blouse-lea-copia-copia-copia-copia-copia-copia-copia-copia-copia-copia-copia-copia-copia-copia-copia-copia-copia-copia-copia-copia\/#primaryimage"},"image":{"@id":"https:\/\/annapratbrand.com\/ca\/producto\/mod-9-blouse-lea-copia-copia-copia-copia-copia-copia-copia-copia-copia-copia-copia-copia-copia-copia-copia-copia-copia-copia-copia-copia\/#primaryimage"},"thumbnailUrl":"https:\/\/annapratbrand.com\/wp-content\/uploads\/2025\/09\/119-copia-scaled.jpg","datePublished":"2025-10-02T20:35:11+00:00","dateModified":"2025-10-17T07:10:25+00:00","breadcrumb":{"@id":"https:\/\/annapratbrand.com\/ca\/producto\/mod-9-blouse-lea-copia-copia-copia-copia-copia-copia-copia-copia-copia-copia-copia-copia-copia-copia-copia-copia-copia-copia-copia-copia\/#breadcrumb"},"inLanguage":"ca","potentialAction":[{"@type":"ReadAction","target":["https:\/\/annapratbrand.com\/ca\/producto\/mod-9-blouse-lea-copia-copia-copia-copia-copia-copia-copia-copia-copia-copia-copia-copia-copia-copia-copia-copia-copia-copia-copia-copia\/"]}]},{"@type":"ImageObject","inLanguage":"ca","@id":"https:\/\/annapratbrand.com\/ca\/producto\/mod-9-blouse-lea-copia-copia-copia-copia-copia-copia-copia-copia-copia-copia-copia-copia-copia-copia-copia-copia-copia-copia-copia-copia\/#primaryimage","url":"https:\/\/annapratbrand.com\/wp-content\/uploads\/2025\/09\/119-copia-scaled.jpg","contentUrl":"https:\/\/annapratbrand.com\/wp-content\/uploads\/2025\/09\/119-copia-scaled.jpg","width":1707,"height":2560},{"@type":"BreadcrumbList","@id":"https:\/\/annapratbrand.com\/ca\/producto\/mod-9-blouse-lea-copia-copia-copia-copia-copia-copia-copia-copia-copia-copia-copia-copia-copia-copia-copia-copia-copia-copia-copia-copia\/#breadcrumb","itemListElement":[{"@type":"ListItem","position":1,"name":"Portada","item":"https:\/\/annapratbrand.com\/ca\/home\/"},{"@type":"ListItem","position":2,"name":"Productes","item":"https:\/\/annapratbrand.com\/ca\/shop\/"},{"@type":"ListItem","position":3,"name":"MOD 74 PANT TWEED"}]},{"@type":"WebSite","@id":"https:\/\/annapratbrand.com\/ca\/#website","url":"https:\/\/annapratbrand.com\/ca\/","name":"Anna Prat Personal Brand","description":"Anna Prat Brand","publisher":{"@id":"https:\/\/annapratbrand.com\/ca\/#organization"},"potentialAction":[{"@type":"SearchAction","target":{"@type":"EntryPoint","urlTemplate":"https:\/\/annapratbrand.com\/ca\/?s={search_term_string}"},"query-input":{"@type":"PropertyValueSpecification","valueRequired":true,"valueName":"search_term_string"}}],"inLanguage":"ca"},{"@type":"Organization","@id":"https:\/\/annapratbrand.com\/ca\/#organization","name":"Anna Prat Personal Brand","url":"https:\/\/annapratbrand.com\/ca\/","logo":{"@type":"ImageObject","inLanguage":"ca","@id":"https:\/\/annapratbrand.com\/ca\/#\/schema\/logo\/image\/","url":"https:\/\/annapratbrand.com\/wp-content\/uploads\/2025\/04\/logo_mes_gran.jpg","contentUrl":"https:\/\/annapratbrand.com\/wp-content\/uploads\/2025\/04\/logo_mes_gran.jpg","width":428,"height":152,"caption":"Anna Prat Personal Brand"},"image":{"@id":"https:\/\/annapratbrand.com\/ca\/#\/schema\/logo\/image\/"},"sameAs":["https:\/\/www.facebook.com\/people\/Anna-Prat\/61565411204077\/","https:\/\/www.instagram.com\/annapratannananuski\/"]}]}},"_links":{"self":[{"href":"https:\/\/annapratbrand.com\/ca\/wp-json\/wp\/v2\/product\/3456","targetHints":{"allow":["GET"]}}],"collection":[{"href":"https:\/\/annapratbrand.com\/ca\/wp-json\/wp\/v2\/product"}],"about":[{"href":"https:\/\/annapratbrand.com\/ca\/wp-json\/wp\/v2\/types\/product"}],"wp:featuredmedia":[{"embeddable":true,"href":"https:\/\/annapratbrand.com\/ca\/wp-json\/wp\/v2\/media\/2836"}],"wp:attachment":[{"href":"https:\/\/annapratbrand.com\/ca\/wp-json\/wp\/v2\/media?parent=3456"}],"wp:term":[{"taxonomy":"product_brand","embeddable":true,"href":"https:\/\/annapratbrand.com\/ca\/wp-json\/wp\/v2\/product_brand?post=3456"},{"taxonomy":"product_cat","embeddable":true,"href":"https:\/\/annapratbrand.com\/ca\/wp-json\/wp\/v2\/product_cat?post=3456"},{"taxonomy":"product_tag","embeddable":true,"href":"https:\/\/annapratbrand.com\/ca\/wp-json\/wp\/v2\/product_tag?post=3456"}],"curies":[{"name":"wp","href":"https:\/\/api.w.org\/{rel}","templated":true}]}}