{"id":3439,"date":"2025-10-02T21:20:22","date_gmt":"2025-10-02T19:20:22","guid":{"rendered":"https:\/\/annapratbrand.com\/?post_type=product&#038;p=3439"},"modified":"2025-10-16T18:34:36","modified_gmt":"2025-10-16T16:34:36","slug":"mod-9-blouse-lea-copia-copia-copia-copia-copia-copia-copia-copia-copia-copia-copia-copia-copia-copia","status":"publish","type":"product","link":"https:\/\/annapratbrand.com\/ca\/producto\/mod-9-blouse-lea-copia-copia-copia-copia-copia-copia-copia-copia-copia-copia-copia-copia-copia-copia\/","title":{"rendered":"MOD 80 PANT ECO MODAL"},"content":{"rendered":"<div class=\"wp-block-image\">\n<p data-start=\"176\" data-end=\"266\"><strong data-start=\"180\" data-end=\"266\">Pantal\u00f3 &#8220;loose&#8221; en punt de Modal \u2013 comoditat eco-chic per al dia a dia.<\/strong><\/p>\n<ul data-start=\"555\" data-end=\"1337\">\n<li data-start=\"555\" data-end=\"607\">\n<p data-start=\"557\" data-end=\"607\">Tall: Loose fit, cama ampla i caiguda fluida.<\/p>\n<\/li>\n<li data-start=\"608\" data-end=\"624\">\n<p data-start=\"610\" data-end=\"624\">Talle: alt.<\/p>\n<\/li>\n<li data-start=\"625\" data-end=\"710\">\n<p data-start=\"627\" data-end=\"710\">Cintura: Amb goma interior per a m\u00e9s adaptabilitat i confort.<\/p>\n<\/li>\n<li data-start=\"711\" data-end=\"802\">\n<p data-start=\"713\" data-end=\"802\">Detalls de confecci\u00f3: Dues pinces frontals que aporten amplitud sense perdre estructura.<\/p>\n<\/li>\n<li data-start=\"803\" data-end=\"890\">\n<p data-start=\"805\" data-end=\"890\">Teixit: Punt de Modal, fibra cel\u00b7lul\u00f2sica natural derivada de l&#8217;escor\u00e7a de faig.<\/p>\n<\/li>\n<li data-start=\"891\" data-end=\"951\">\n<p data-start=\"893\" data-end=\"951\">Tacto: Extra suave, ligero y muy agradable sobre la piel.<\/p>\n<\/li>\n<li data-start=\"952\" data-end=\"997\">\n<p data-start=\"954\" data-end=\"997\">Colors disponibles: Beig, Black, Kakhi.<\/p>\n<\/li>\n<li data-start=\"998\" data-end=\"1060\">\n<p data-start=\"1000\" data-end=\"1060\">Estilo: Minimalista, vers\u00e1til, perfecto para el uso diario.<\/p>\n<\/li>\n<li data-start=\"1061\" data-end=\"1145\">\n<p data-start=\"1063\" data-end=\"1145\">Comoditat: teixit el\u00e0stic i lleuger que s&#8217;adapta al moviment sense perdre forma.<\/p>\n<\/li>\n<li data-start=\"1146\" data-end=\"1220\">\n<p data-start=\"1148\" data-end=\"1220\">Sostenibilitat: Pe\u00e7a eco-responsable fabricada amb fibres renovables.<\/p>\n<\/li>\n<li data-start=\"1221\" data-end=\"1337\">\n<p data-start=\"1223\" data-end=\"1337\">Recomanaci\u00f3 d\u00fas: Per la delicadesa del teixit, evitar superf\u00edcies rugoses per prevenir enganxalls o pilling.<\/p>\n<\/li>\n<\/ul>\n<p>Col\u00b7lecci\u00f3 dissenyada en teixit de punt de Modal, fibra cel\u00b7lul\u00f2sica eco-sostenible, que prov\u00e9 de l&#8217;escor\u00e7a dels faigs. Suavitat excepcional, gran flu\u00efdesa, extrema comoditat.  <strong>&#8221; Peces minimalistes, atemporals, essencials i eco-sostenibles &#8220;<\/strong><\/p>\n<\/div>\n<p>&nbsp;<\/p>\n<p>&nbsp;<\/p>\n<div class=\"wp-block-image\">\n<div class=\"wp-block-image\">\n<div class=\"wp-block-image\">                                                                                             <img loading=\"lazy\" decoding=\"async\" class=\"wpa-warning wpa-image-missing-alt alignnone size-medium wp-image-3660\" src=\"https:\/\/annapratbrand.com\/wp-content\/uploads\/2025\/10\/COLORES-ECO-MODAL-e1759998487468-300x120.webp\" alt=\"\" width=\"300\" height=\"120\" data-warning=\"Falta el texto alternativo\"><\/div>\n<div class=\"wp-block-image\">\n<p>&nbsp;<\/p>\n<div class=\"wp-block-image\">\n<p>&nbsp;<\/p>\n<div class=\"wp-block-image\">\n<p>&nbsp;<\/p>\n<div class=\"wp-block-image\">\n<p>&nbsp;<\/p>\n<div class=\"wp-block-image\">\n<p>&nbsp;<\/p>\n<\/div>\n<\/div>\n<\/div>\n<\/div>\n<\/div>\n<\/div>\n<p>&nbsp;<\/p>\n<p>&nbsp;<\/p>\n<div class=\"wp-block-image\">\n<p>&nbsp;<\/p>\n<div class=\"wp-block-image\">\n<p>&nbsp;<\/p>\n<div class=\"wp-block-image\">\n<div class=\"wp-block-image\"><\/div>\n<\/div>\n<\/div>\n<\/div>\n<\/div>\n<div class=\"wp-block-image\">\n<p>&nbsp;<\/p>\n<div class=\"wp-block-image\">\n<p>&nbsp;<\/p>\n<div class=\"wp-block-image\">\n<p>&nbsp;<\/p>\n<div class=\"wp-block-image\">\n<p>&nbsp;<\/p>\n<div class=\"wp-block-image\"><\/div>\n<\/div>\n<\/div>\n<div class=\"wp-block-image\">\n<p>&nbsp;<\/p>\n<div class=\"wp-block-image\"><\/div>\n<\/div>\n<\/div>\n<\/div>\n","protected":false},"excerpt":{"rendered":"<p>Pantal\u00f3 &#8220;loose&#8221; en punt de Modal \u2013 comoditat eco-chic per al dia a dia. Tall: Loose fit, cama ampla i caiguda fluida. Talle: alt. Cintura: Amb goma interior per a m\u00e9s adaptabilitat i confort. Detalls de confecci\u00f3: Dues pinces frontals que aporten amplitud sense perdre estructura. Teixit: Punt de Modal, fibra cel\u00b7lul\u00f2sica natural derivada de&hellip; <a class=\"continue\" href=\"https:\/\/annapratbrand.com\/ca\/producto\/mod-9-blouse-lea-copia-copia-copia-copia-copia-copia-copia-copia-copia-copia-copia-copia-copia-copia\/\">Continue Reading<span> MOD 80 PANT ECO MODAL<\/span><\/a><\/p>\n","protected":false},"featured_media":2812,"template":"","meta":{"_et_pb_use_builder":"","_et_pb_old_content":"","_et_gb_content_width":""},"product_brand":[],"product_cat":[241,231,168],"product_tag":[],"class_list":{"0":"post-3439","1":"product","2":"type-product","3":"status-publish","4":"has-post-thumbnail","6":"product_cat-eco-modal-ca","7":"product_cat-hivern-25-26","8":"product_cat-pant-ca","10":"first","11":"instock","12":"shipping-taxable","13":"product-type-simple"},"yoast_head":"<!-- This site is optimized with the Yoast SEO plugin v27.4 - https:\/\/yoast.com\/product\/yoast-seo-wordpress\/ -->\n<title>MOD 80 PANT ECO MODAL - Anna Prat Personal Brand<\/title>\n<meta name=\"robots\" content=\"index, follow, max-snippet:-1, max-image-preview:large, max-video-preview:-1\" \/>\n<link rel=\"canonical\" href=\"https:\/\/annapratbrand.com\/ca\/producto\/mod-9-blouse-lea-copia-copia-copia-copia-copia-copia-copia-copia-copia-copia-copia-copia-copia-copia\/\" \/>\n<meta property=\"og:locale\" content=\"ca_ES\" \/>\n<meta property=\"og:type\" content=\"article\" \/>\n<meta property=\"og:title\" content=\"MOD 80 PANT ECO MODAL - Anna Prat Personal Brand\" \/>\n<meta property=\"og:description\" content=\"Pantal\u00f3 &#8220;loose&#8221; en punt de Modal \u2013 comoditat eco-chic per al dia a dia. Tall: Loose fit, cama ampla i caiguda fluida. Talle: alt. Cintura: Amb goma interior per a m\u00e9s adaptabilitat i confort. Detalls de confecci\u00f3: Dues pinces frontals que aporten amplitud sense perdre estructura. Teixit: Punt de Modal, fibra cel\u00b7lul\u00f2sica natural derivada de&hellip; Continue Reading MOD 80 PANT ECO MODAL\" \/>\n<meta property=\"og:url\" content=\"https:\/\/annapratbrand.com\/ca\/producto\/mod-9-blouse-lea-copia-copia-copia-copia-copia-copia-copia-copia-copia-copia-copia-copia-copia-copia\/\" \/>\n<meta property=\"og:site_name\" content=\"Anna Prat Personal Brand\" \/>\n<meta property=\"article:publisher\" content=\"https:\/\/www.facebook.com\/people\/Anna-Prat\/61565411204077\/\" \/>\n<meta property=\"article:modified_time\" content=\"2025-10-16T16:34:36+00:00\" \/>\n<meta property=\"og:image\" content=\"https:\/\/annapratbrand.com\/wp-content\/uploads\/2025\/09\/111-copia-scaled.jpg\" \/>\n\t<meta property=\"og:image:width\" content=\"1722\" \/>\n\t<meta property=\"og:image:height\" content=\"2560\" \/>\n\t<meta property=\"og:image:type\" content=\"image\/jpeg\" \/>\n<meta name=\"twitter:card\" content=\"summary_large_image\" \/>\n<script type=\"application\/ld+json\" class=\"yoast-schema-graph\">{\"@context\":\"https:\\\/\\\/schema.org\",\"@graph\":[{\"@type\":\"WebPage\",\"@id\":\"https:\\\/\\\/annapratbrand.com\\\/ca\\\/producto\\\/mod-9-blouse-lea-copia-copia-copia-copia-copia-copia-copia-copia-copia-copia-copia-copia-copia-copia\\\/\",\"url\":\"https:\\\/\\\/annapratbrand.com\\\/ca\\\/producto\\\/mod-9-blouse-lea-copia-copia-copia-copia-copia-copia-copia-copia-copia-copia-copia-copia-copia-copia\\\/\",\"name\":\"MOD 80 PANT ECO MODAL - Anna Prat Personal Brand\",\"isPartOf\":{\"@id\":\"https:\\\/\\\/annapratbrand.com\\\/ca\\\/#website\"},\"primaryImageOfPage\":{\"@id\":\"https:\\\/\\\/annapratbrand.com\\\/ca\\\/producto\\\/mod-9-blouse-lea-copia-copia-copia-copia-copia-copia-copia-copia-copia-copia-copia-copia-copia-copia\\\/#primaryimage\"},\"image\":{\"@id\":\"https:\\\/\\\/annapratbrand.com\\\/ca\\\/producto\\\/mod-9-blouse-lea-copia-copia-copia-copia-copia-copia-copia-copia-copia-copia-copia-copia-copia-copia\\\/#primaryimage\"},\"thumbnailUrl\":\"https:\\\/\\\/annapratbrand.com\\\/wp-content\\\/uploads\\\/2025\\\/09\\\/111-copia-scaled.jpg\",\"datePublished\":\"2025-10-02T19:20:22+00:00\",\"dateModified\":\"2025-10-16T16:34:36+00:00\",\"breadcrumb\":{\"@id\":\"https:\\\/\\\/annapratbrand.com\\\/ca\\\/producto\\\/mod-9-blouse-lea-copia-copia-copia-copia-copia-copia-copia-copia-copia-copia-copia-copia-copia-copia\\\/#breadcrumb\"},\"inLanguage\":\"ca\",\"potentialAction\":[{\"@type\":\"ReadAction\",\"target\":[\"https:\\\/\\\/annapratbrand.com\\\/ca\\\/producto\\\/mod-9-blouse-lea-copia-copia-copia-copia-copia-copia-copia-copia-copia-copia-copia-copia-copia-copia\\\/\"]}]},{\"@type\":\"ImageObject\",\"inLanguage\":\"ca\",\"@id\":\"https:\\\/\\\/annapratbrand.com\\\/ca\\\/producto\\\/mod-9-blouse-lea-copia-copia-copia-copia-copia-copia-copia-copia-copia-copia-copia-copia-copia-copia\\\/#primaryimage\",\"url\":\"https:\\\/\\\/annapratbrand.com\\\/wp-content\\\/uploads\\\/2025\\\/09\\\/111-copia-scaled.jpg\",\"contentUrl\":\"https:\\\/\\\/annapratbrand.com\\\/wp-content\\\/uploads\\\/2025\\\/09\\\/111-copia-scaled.jpg\",\"width\":1722,\"height\":2560},{\"@type\":\"BreadcrumbList\",\"@id\":\"https:\\\/\\\/annapratbrand.com\\\/ca\\\/producto\\\/mod-9-blouse-lea-copia-copia-copia-copia-copia-copia-copia-copia-copia-copia-copia-copia-copia-copia\\\/#breadcrumb\",\"itemListElement\":[{\"@type\":\"ListItem\",\"position\":1,\"name\":\"Portada\",\"item\":\"https:\\\/\\\/annapratbrand.com\\\/ca\\\/\"},{\"@type\":\"ListItem\",\"position\":2,\"name\":\"Productes\",\"item\":\"https:\\\/\\\/annapratbrand.com\\\/ca\\\/shop\\\/\"},{\"@type\":\"ListItem\",\"position\":3,\"name\":\"MOD 80 PANT ECO MODAL\"}]},{\"@type\":\"WebSite\",\"@id\":\"https:\\\/\\\/annapratbrand.com\\\/ca\\\/#website\",\"url\":\"https:\\\/\\\/annapratbrand.com\\\/ca\\\/\",\"name\":\"Anna Prat Personal Brand\",\"description\":\"Anna Prat Brand\",\"publisher\":{\"@id\":\"https:\\\/\\\/annapratbrand.com\\\/ca\\\/#organization\"},\"potentialAction\":[{\"@type\":\"SearchAction\",\"target\":{\"@type\":\"EntryPoint\",\"urlTemplate\":\"https:\\\/\\\/annapratbrand.com\\\/ca\\\/?s={search_term_string}\"},\"query-input\":{\"@type\":\"PropertyValueSpecification\",\"valueRequired\":true,\"valueName\":\"search_term_string\"}}],\"inLanguage\":\"ca\"},{\"@type\":\"Organization\",\"@id\":\"https:\\\/\\\/annapratbrand.com\\\/ca\\\/#organization\",\"name\":\"Anna Prat Personal Brand\",\"url\":\"https:\\\/\\\/annapratbrand.com\\\/ca\\\/\",\"logo\":{\"@type\":\"ImageObject\",\"inLanguage\":\"ca\",\"@id\":\"https:\\\/\\\/annapratbrand.com\\\/ca\\\/#\\\/schema\\\/logo\\\/image\\\/\",\"url\":\"https:\\\/\\\/annapratbrand.com\\\/wp-content\\\/uploads\\\/2025\\\/04\\\/logo_mes_gran.jpg\",\"contentUrl\":\"https:\\\/\\\/annapratbrand.com\\\/wp-content\\\/uploads\\\/2025\\\/04\\\/logo_mes_gran.jpg\",\"width\":428,\"height\":152,\"caption\":\"Anna Prat Personal Brand\"},\"image\":{\"@id\":\"https:\\\/\\\/annapratbrand.com\\\/ca\\\/#\\\/schema\\\/logo\\\/image\\\/\"},\"sameAs\":[\"https:\\\/\\\/www.facebook.com\\\/people\\\/Anna-Prat\\\/61565411204077\\\/\",\"https:\\\/\\\/www.instagram.com\\\/annapratannananuski\\\/\"]}]}<\/script>\n<!-- \/ Yoast SEO plugin. -->","yoast_head_json":{"title":"MOD 80 PANT ECO MODAL - Anna Prat Personal Brand","robots":{"index":"index","follow":"follow","max-snippet":"max-snippet:-1","max-image-preview":"max-image-preview:large","max-video-preview":"max-video-preview:-1"},"canonical":"https:\/\/annapratbrand.com\/ca\/producto\/mod-9-blouse-lea-copia-copia-copia-copia-copia-copia-copia-copia-copia-copia-copia-copia-copia-copia\/","og_locale":"ca_ES","og_type":"article","og_title":"MOD 80 PANT ECO MODAL - Anna Prat Personal Brand","og_description":"Pantal\u00f3 &#8220;loose&#8221; en punt de Modal \u2013 comoditat eco-chic per al dia a dia. Tall: Loose fit, cama ampla i caiguda fluida. Talle: alt. Cintura: Amb goma interior per a m\u00e9s adaptabilitat i confort. Detalls de confecci\u00f3: Dues pinces frontals que aporten amplitud sense perdre estructura. Teixit: Punt de Modal, fibra cel\u00b7lul\u00f2sica natural derivada de&hellip; Continue Reading MOD 80 PANT ECO MODAL","og_url":"https:\/\/annapratbrand.com\/ca\/producto\/mod-9-blouse-lea-copia-copia-copia-copia-copia-copia-copia-copia-copia-copia-copia-copia-copia-copia\/","og_site_name":"Anna Prat Personal Brand","article_publisher":"https:\/\/www.facebook.com\/people\/Anna-Prat\/61565411204077\/","article_modified_time":"2025-10-16T16:34:36+00:00","og_image":[{"width":1722,"height":2560,"url":"https:\/\/annapratbrand.com\/wp-content\/uploads\/2025\/09\/111-copia-scaled.jpg","type":"image\/jpeg"}],"twitter_card":"summary_large_image","schema":{"@context":"https:\/\/schema.org","@graph":[{"@type":"WebPage","@id":"https:\/\/annapratbrand.com\/ca\/producto\/mod-9-blouse-lea-copia-copia-copia-copia-copia-copia-copia-copia-copia-copia-copia-copia-copia-copia\/","url":"https:\/\/annapratbrand.com\/ca\/producto\/mod-9-blouse-lea-copia-copia-copia-copia-copia-copia-copia-copia-copia-copia-copia-copia-copia-copia\/","name":"MOD 80 PANT ECO MODAL - Anna Prat Personal Brand","isPartOf":{"@id":"https:\/\/annapratbrand.com\/ca\/#website"},"primaryImageOfPage":{"@id":"https:\/\/annapratbrand.com\/ca\/producto\/mod-9-blouse-lea-copia-copia-copia-copia-copia-copia-copia-copia-copia-copia-copia-copia-copia-copia\/#primaryimage"},"image":{"@id":"https:\/\/annapratbrand.com\/ca\/producto\/mod-9-blouse-lea-copia-copia-copia-copia-copia-copia-copia-copia-copia-copia-copia-copia-copia-copia\/#primaryimage"},"thumbnailUrl":"https:\/\/annapratbrand.com\/wp-content\/uploads\/2025\/09\/111-copia-scaled.jpg","datePublished":"2025-10-02T19:20:22+00:00","dateModified":"2025-10-16T16:34:36+00:00","breadcrumb":{"@id":"https:\/\/annapratbrand.com\/ca\/producto\/mod-9-blouse-lea-copia-copia-copia-copia-copia-copia-copia-copia-copia-copia-copia-copia-copia-copia\/#breadcrumb"},"inLanguage":"ca","potentialAction":[{"@type":"ReadAction","target":["https:\/\/annapratbrand.com\/ca\/producto\/mod-9-blouse-lea-copia-copia-copia-copia-copia-copia-copia-copia-copia-copia-copia-copia-copia-copia\/"]}]},{"@type":"ImageObject","inLanguage":"ca","@id":"https:\/\/annapratbrand.com\/ca\/producto\/mod-9-blouse-lea-copia-copia-copia-copia-copia-copia-copia-copia-copia-copia-copia-copia-copia-copia\/#primaryimage","url":"https:\/\/annapratbrand.com\/wp-content\/uploads\/2025\/09\/111-copia-scaled.jpg","contentUrl":"https:\/\/annapratbrand.com\/wp-content\/uploads\/2025\/09\/111-copia-scaled.jpg","width":1722,"height":2560},{"@type":"BreadcrumbList","@id":"https:\/\/annapratbrand.com\/ca\/producto\/mod-9-blouse-lea-copia-copia-copia-copia-copia-copia-copia-copia-copia-copia-copia-copia-copia-copia\/#breadcrumb","itemListElement":[{"@type":"ListItem","position":1,"name":"Portada","item":"https:\/\/annapratbrand.com\/ca\/"},{"@type":"ListItem","position":2,"name":"Productes","item":"https:\/\/annapratbrand.com\/ca\/shop\/"},{"@type":"ListItem","position":3,"name":"MOD 80 PANT ECO MODAL"}]},{"@type":"WebSite","@id":"https:\/\/annapratbrand.com\/ca\/#website","url":"https:\/\/annapratbrand.com\/ca\/","name":"Anna Prat Personal Brand","description":"Anna Prat Brand","publisher":{"@id":"https:\/\/annapratbrand.com\/ca\/#organization"},"potentialAction":[{"@type":"SearchAction","target":{"@type":"EntryPoint","urlTemplate":"https:\/\/annapratbrand.com\/ca\/?s={search_term_string}"},"query-input":{"@type":"PropertyValueSpecification","valueRequired":true,"valueName":"search_term_string"}}],"inLanguage":"ca"},{"@type":"Organization","@id":"https:\/\/annapratbrand.com\/ca\/#organization","name":"Anna Prat Personal Brand","url":"https:\/\/annapratbrand.com\/ca\/","logo":{"@type":"ImageObject","inLanguage":"ca","@id":"https:\/\/annapratbrand.com\/ca\/#\/schema\/logo\/image\/","url":"https:\/\/annapratbrand.com\/wp-content\/uploads\/2025\/04\/logo_mes_gran.jpg","contentUrl":"https:\/\/annapratbrand.com\/wp-content\/uploads\/2025\/04\/logo_mes_gran.jpg","width":428,"height":152,"caption":"Anna Prat Personal Brand"},"image":{"@id":"https:\/\/annapratbrand.com\/ca\/#\/schema\/logo\/image\/"},"sameAs":["https:\/\/www.facebook.com\/people\/Anna-Prat\/61565411204077\/","https:\/\/www.instagram.com\/annapratannananuski\/"]}]}},"_links":{"self":[{"href":"https:\/\/annapratbrand.com\/ca\/wp-json\/wp\/v2\/product\/3439","targetHints":{"allow":["GET"]}}],"collection":[{"href":"https:\/\/annapratbrand.com\/ca\/wp-json\/wp\/v2\/product"}],"about":[{"href":"https:\/\/annapratbrand.com\/ca\/wp-json\/wp\/v2\/types\/product"}],"wp:featuredmedia":[{"embeddable":true,"href":"https:\/\/annapratbrand.com\/ca\/wp-json\/wp\/v2\/media\/2812"}],"wp:attachment":[{"href":"https:\/\/annapratbrand.com\/ca\/wp-json\/wp\/v2\/media?parent=3439"}],"wp:term":[{"taxonomy":"product_brand","embeddable":true,"href":"https:\/\/annapratbrand.com\/ca\/wp-json\/wp\/v2\/product_brand?post=3439"},{"taxonomy":"product_cat","embeddable":true,"href":"https:\/\/annapratbrand.com\/ca\/wp-json\/wp\/v2\/product_cat?post=3439"},{"taxonomy":"product_tag","embeddable":true,"href":"https:\/\/annapratbrand.com\/ca\/wp-json\/wp\/v2\/product_tag?post=3439"}],"curies":[{"name":"wp","href":"https:\/\/api.w.org\/{rel}","templated":true}]}}