{"id":3433,"date":"2025-10-02T21:08:38","date_gmt":"2025-10-02T19:08:38","guid":{"rendered":"https:\/\/annapratbrand.com\/?post_type=product&#038;p=3433"},"modified":"2025-10-16T18:48:34","modified_gmt":"2025-10-16T16:48:34","slug":"mod-9-blouse-lea-copia-copia-copia-copia-copia-copia-copia-copia-copia-copia-copia-2","status":"publish","type":"product","link":"https:\/\/annapratbrand.com\/ca\/producto\/mod-9-blouse-lea-copia-copia-copia-copia-copia-copia-copia-copia-copia-copia-copia-2\/","title":{"rendered":"MOD 90 SKIRT DIAMANT VELVET"},"content":{"rendered":"<div class=\"wp-block-image\">\n<p data-start=\"252\" data-end=\"687\"><strong>Faldilla midi en vellut el\u00e0stic de gran suavitat amb un exclusiu print geom\u00e8tric en tons blaus sobre fons plata. El seu disseny combina comoditat i estil. Ideal per a esdeveniments, looks urbans o combinacions sofisticades.  <\/strong><\/p>\n<\/div>\n<ul>\n<li data-start=\"728\" data-end=\"762\">\n<p data-start=\"730\" data-end=\"762\">Tipus de pe\u00e7a: Faldilla midi.<\/p>\n<\/li>\n<li data-start=\"763\" data-end=\"833\">\n<p data-start=\"765\" data-end=\"833\">Teixit: Vellut el\u00e0stic super suau, molt c\u00f2mode i c\u00e0lid, amb estampat geom\u00e8tric exclusiu.<\/p>\n<\/li>\n<li data-start=\"834\" data-end=\"897\">\n<p data-start=\"836\" data-end=\"897\">Estampat: Geom\u00e8tric en tons blaus sobre fons plata.<\/p>\n<\/li>\n<li data-start=\"898\" data-end=\"944\">\n<p data-start=\"900\" data-end=\"944\">Llarg: Midi (per sota del genoll).<\/p>\n<\/li>\n<li data-start=\"945\" data-end=\"1015\">\n<p data-start=\"947\" data-end=\"1015\">Cintura: Amb goma interna oculta per a m\u00e9s comoditat i ajustament.<\/p>\n<\/li>\n<li data-start=\"1016\" data-end=\"1169\">\n<p data-start=\"1018\" data-end=\"1043\">Detall disseny: Plecs frontals que aporten estructura i volum.<\/p>\n<\/li>\n<li data-start=\"1016\" data-end=\"1169\">\n<p data-start=\"1018\" data-end=\"1043\">Detall disseny: Gran tall lateral per a moviment i estil contemporani.<\/p>\n<\/li>\n<li data-start=\"1170\" data-end=\"1216\">\n<p data-start=\"1172\" data-end=\"1216\">Tall: Fluid, afavoridor sense ajustar.<\/p>\n<\/li>\n<li data-start=\"1137\" data-end=\"1203\">\n<p data-start=\"1139\" data-end=\"1203\">Estil chic, sofisticat, modern i s\u00faper c\u00f2mode.<\/p>\n<\/li>\n<li data-start=\"1137\" data-end=\"1203\">\n<p data-start=\"1139\" data-end=\"1203\">Ideal per a looks urbans amb personalitat.<\/p>\n<\/li>\n<\/ul>\n<div class=\"wp-block-image\">\n<div class=\"wp-block-image\">\n<div class=\"wp-block-image\">\n<p>Col\u00b7lecci\u00f3 dissenyada amb \u201cprint exclusiu\u201d de motius geom\u00e8trics sobre vellut el\u00e0stic, acolorit en tons blaus sobre plata. Tocs de distinci\u00f3 i modernitat. Peces c\u00f2modes, nois i amb molt d&#8217;estil.   <strong>&#8221; Amb la suavitat del vellut i la for\u00e7a de la teva pres\u00e8ncia &#8220;<\/strong><\/p>\n<div class=\"wp-block-image\">\n<p>&nbsp;<\/p>\n<div class=\"wp-block-image\">\n<p>&nbsp;<\/p>\n<div class=\"wp-block-image\">\n<p>&nbsp;<\/p>\n<div class=\"wp-block-image\">\n<p>&nbsp;<\/p>\n<\/div>\n<\/div>\n<\/div>\n<\/div>\n<\/div>\n<\/div>\n<p>&nbsp;<\/p>\n<p>&nbsp;<\/p>\n<div class=\"wp-block-image\">\n<p>&nbsp;<\/p>\n<div class=\"wp-block-image\">\n<p>&nbsp;<\/p>\n<div class=\"wp-block-image\">\n<div class=\"wp-block-image\"><\/div>\n<\/div>\n<\/div>\n<\/div>\n<\/div>\n<div class=\"wp-block-image\">\n<p>&nbsp;<\/p>\n<div class=\"wp-block-image\">\n<p>&nbsp;<\/p>\n<div class=\"wp-block-image\">\n<p>&nbsp;<\/p>\n<div class=\"wp-block-image\">\n<p>&nbsp;<\/p>\n<div class=\"wp-block-image\"><\/div>\n<\/div>\n<\/div>\n<div class=\"wp-block-image\">\n<p>&nbsp;<\/p>\n<div class=\"wp-block-image\"><\/div>\n<\/div>\n<\/div>\n<\/div>\n","protected":false},"excerpt":{"rendered":"<p>Faldilla midi en vellut el\u00e0stic de gran suavitat amb un exclusiu print geom\u00e8tric en tons blaus sobre fons plata. El seu disseny combina comoditat i estil. Ideal per a esdeveniments, looks urbans o combinacions sofisticades. Tipus de pe\u00e7a: Faldilla midi. Teixit: Vellut el\u00e0stic super suau, molt c\u00f2mode i c\u00e0lid, amb estampat geom\u00e8tric exclusiu. Estampat: Geom\u00e8tric&hellip; <a class=\"continue\" href=\"https:\/\/annapratbrand.com\/ca\/producto\/mod-9-blouse-lea-copia-copia-copia-copia-copia-copia-copia-copia-copia-copia-copia-2\/\">Continue Reading<span> MOD 90 SKIRT DIAMANT VELVET<\/span><\/a><\/p>\n","protected":false},"featured_media":2724,"template":"","meta":{"_et_pb_use_builder":"","_et_pb_old_content":"","_et_gb_content_width":""},"product_brand":[],"product_cat":[242,231,182],"product_tag":[],"class_list":{"0":"post-3433","1":"product","2":"type-product","3":"status-publish","4":"has-post-thumbnail","6":"product_cat-diamant-velvet-ca","7":"product_cat-hivern-25-26","8":"product_cat-skirt-ca","10":"first","11":"instock","12":"shipping-taxable","13":"product-type-simple"},"yoast_head":"<!-- This site is optimized with the Yoast SEO plugin v27.4 - https:\/\/yoast.com\/product\/yoast-seo-wordpress\/ -->\n<title>MOD 90 SKIRT DIAMANT VELVET - Anna Prat Personal Brand<\/title>\n<meta name=\"robots\" content=\"index, follow, max-snippet:-1, max-image-preview:large, max-video-preview:-1\" \/>\n<link rel=\"canonical\" href=\"https:\/\/annapratbrand.com\/ca\/producto\/mod-9-blouse-lea-copia-copia-copia-copia-copia-copia-copia-copia-copia-copia-copia-2\/\" \/>\n<meta property=\"og:locale\" content=\"ca_ES\" \/>\n<meta property=\"og:type\" content=\"article\" \/>\n<meta property=\"og:title\" content=\"MOD 90 SKIRT DIAMANT VELVET - Anna Prat Personal Brand\" \/>\n<meta property=\"og:description\" content=\"Faldilla midi en vellut el\u00e0stic de gran suavitat amb un exclusiu print geom\u00e8tric en tons blaus sobre fons plata. El seu disseny combina comoditat i estil. Ideal per a esdeveniments, looks urbans o combinacions sofisticades. Tipus de pe\u00e7a: Faldilla midi. Teixit: Vellut el\u00e0stic super suau, molt c\u00f2mode i c\u00e0lid, amb estampat geom\u00e8tric exclusiu. Estampat: Geom\u00e8tric&hellip; Continue Reading MOD 90 SKIRT DIAMANT VELVET\" \/>\n<meta property=\"og:url\" content=\"https:\/\/annapratbrand.com\/ca\/producto\/mod-9-blouse-lea-copia-copia-copia-copia-copia-copia-copia-copia-copia-copia-copia-2\/\" \/>\n<meta property=\"og:site_name\" content=\"Anna Prat Personal Brand\" \/>\n<meta property=\"article:publisher\" content=\"https:\/\/www.facebook.com\/people\/Anna-Prat\/61565411204077\/\" \/>\n<meta property=\"article:modified_time\" content=\"2025-10-16T16:48:34+00:00\" \/>\n<meta property=\"og:image\" content=\"https:\/\/annapratbrand.com\/wp-content\/uploads\/2025\/09\/89-copia-scaled.jpg\" \/>\n\t<meta property=\"og:image:width\" content=\"1706\" \/>\n\t<meta property=\"og:image:height\" content=\"2560\" \/>\n\t<meta property=\"og:image:type\" content=\"image\/jpeg\" \/>\n<meta name=\"twitter:card\" content=\"summary_large_image\" \/>\n<script type=\"application\/ld+json\" class=\"yoast-schema-graph\">{\"@context\":\"https:\\\/\\\/schema.org\",\"@graph\":[{\"@type\":\"WebPage\",\"@id\":\"https:\\\/\\\/annapratbrand.com\\\/ca\\\/producto\\\/mod-9-blouse-lea-copia-copia-copia-copia-copia-copia-copia-copia-copia-copia-copia-2\\\/\",\"url\":\"https:\\\/\\\/annapratbrand.com\\\/ca\\\/producto\\\/mod-9-blouse-lea-copia-copia-copia-copia-copia-copia-copia-copia-copia-copia-copia-2\\\/\",\"name\":\"MOD 90 SKIRT DIAMANT VELVET - Anna Prat Personal Brand\",\"isPartOf\":{\"@id\":\"https:\\\/\\\/annapratbrand.com\\\/ca\\\/#website\"},\"primaryImageOfPage\":{\"@id\":\"https:\\\/\\\/annapratbrand.com\\\/ca\\\/producto\\\/mod-9-blouse-lea-copia-copia-copia-copia-copia-copia-copia-copia-copia-copia-copia-2\\\/#primaryimage\"},\"image\":{\"@id\":\"https:\\\/\\\/annapratbrand.com\\\/ca\\\/producto\\\/mod-9-blouse-lea-copia-copia-copia-copia-copia-copia-copia-copia-copia-copia-copia-2\\\/#primaryimage\"},\"thumbnailUrl\":\"https:\\\/\\\/annapratbrand.com\\\/wp-content\\\/uploads\\\/2025\\\/09\\\/89-copia-scaled.jpg\",\"datePublished\":\"2025-10-02T19:08:38+00:00\",\"dateModified\":\"2025-10-16T16:48:34+00:00\",\"breadcrumb\":{\"@id\":\"https:\\\/\\\/annapratbrand.com\\\/ca\\\/producto\\\/mod-9-blouse-lea-copia-copia-copia-copia-copia-copia-copia-copia-copia-copia-copia-2\\\/#breadcrumb\"},\"inLanguage\":\"ca\",\"potentialAction\":[{\"@type\":\"ReadAction\",\"target\":[\"https:\\\/\\\/annapratbrand.com\\\/ca\\\/producto\\\/mod-9-blouse-lea-copia-copia-copia-copia-copia-copia-copia-copia-copia-copia-copia-2\\\/\"]}]},{\"@type\":\"ImageObject\",\"inLanguage\":\"ca\",\"@id\":\"https:\\\/\\\/annapratbrand.com\\\/ca\\\/producto\\\/mod-9-blouse-lea-copia-copia-copia-copia-copia-copia-copia-copia-copia-copia-copia-2\\\/#primaryimage\",\"url\":\"https:\\\/\\\/annapratbrand.com\\\/wp-content\\\/uploads\\\/2025\\\/09\\\/89-copia-scaled.jpg\",\"contentUrl\":\"https:\\\/\\\/annapratbrand.com\\\/wp-content\\\/uploads\\\/2025\\\/09\\\/89-copia-scaled.jpg\",\"width\":1706,\"height\":2560},{\"@type\":\"BreadcrumbList\",\"@id\":\"https:\\\/\\\/annapratbrand.com\\\/ca\\\/producto\\\/mod-9-blouse-lea-copia-copia-copia-copia-copia-copia-copia-copia-copia-copia-copia-2\\\/#breadcrumb\",\"itemListElement\":[{\"@type\":\"ListItem\",\"position\":1,\"name\":\"Portada\",\"item\":\"https:\\\/\\\/annapratbrand.com\\\/ca\\\/home\\\/\"},{\"@type\":\"ListItem\",\"position\":2,\"name\":\"Productes\",\"item\":\"https:\\\/\\\/annapratbrand.com\\\/ca\\\/shop\\\/\"},{\"@type\":\"ListItem\",\"position\":3,\"name\":\"MOD 90 SKIRT DIAMANT VELVET\"}]},{\"@type\":\"WebSite\",\"@id\":\"https:\\\/\\\/annapratbrand.com\\\/ca\\\/#website\",\"url\":\"https:\\\/\\\/annapratbrand.com\\\/ca\\\/\",\"name\":\"Anna Prat Personal Brand\",\"description\":\"Anna Prat Brand\",\"publisher\":{\"@id\":\"https:\\\/\\\/annapratbrand.com\\\/ca\\\/#organization\"},\"potentialAction\":[{\"@type\":\"SearchAction\",\"target\":{\"@type\":\"EntryPoint\",\"urlTemplate\":\"https:\\\/\\\/annapratbrand.com\\\/ca\\\/?s={search_term_string}\"},\"query-input\":{\"@type\":\"PropertyValueSpecification\",\"valueRequired\":true,\"valueName\":\"search_term_string\"}}],\"inLanguage\":\"ca\"},{\"@type\":\"Organization\",\"@id\":\"https:\\\/\\\/annapratbrand.com\\\/ca\\\/#organization\",\"name\":\"Anna Prat Personal Brand\",\"url\":\"https:\\\/\\\/annapratbrand.com\\\/ca\\\/\",\"logo\":{\"@type\":\"ImageObject\",\"inLanguage\":\"ca\",\"@id\":\"https:\\\/\\\/annapratbrand.com\\\/ca\\\/#\\\/schema\\\/logo\\\/image\\\/\",\"url\":\"https:\\\/\\\/annapratbrand.com\\\/wp-content\\\/uploads\\\/2025\\\/04\\\/logo_mes_gran.jpg\",\"contentUrl\":\"https:\\\/\\\/annapratbrand.com\\\/wp-content\\\/uploads\\\/2025\\\/04\\\/logo_mes_gran.jpg\",\"width\":428,\"height\":152,\"caption\":\"Anna Prat Personal Brand\"},\"image\":{\"@id\":\"https:\\\/\\\/annapratbrand.com\\\/ca\\\/#\\\/schema\\\/logo\\\/image\\\/\"},\"sameAs\":[\"https:\\\/\\\/www.facebook.com\\\/people\\\/Anna-Prat\\\/61565411204077\\\/\",\"https:\\\/\\\/www.instagram.com\\\/annapratannananuski\\\/\"]}]}<\/script>\n<!-- \/ Yoast SEO plugin. -->","yoast_head_json":{"title":"MOD 90 SKIRT DIAMANT VELVET - Anna Prat Personal Brand","robots":{"index":"index","follow":"follow","max-snippet":"max-snippet:-1","max-image-preview":"max-image-preview:large","max-video-preview":"max-video-preview:-1"},"canonical":"https:\/\/annapratbrand.com\/ca\/producto\/mod-9-blouse-lea-copia-copia-copia-copia-copia-copia-copia-copia-copia-copia-copia-2\/","og_locale":"ca_ES","og_type":"article","og_title":"MOD 90 SKIRT DIAMANT VELVET - Anna Prat Personal Brand","og_description":"Faldilla midi en vellut el\u00e0stic de gran suavitat amb un exclusiu print geom\u00e8tric en tons blaus sobre fons plata. El seu disseny combina comoditat i estil. Ideal per a esdeveniments, looks urbans o combinacions sofisticades. Tipus de pe\u00e7a: Faldilla midi. Teixit: Vellut el\u00e0stic super suau, molt c\u00f2mode i c\u00e0lid, amb estampat geom\u00e8tric exclusiu. Estampat: Geom\u00e8tric&hellip; Continue Reading MOD 90 SKIRT DIAMANT VELVET","og_url":"https:\/\/annapratbrand.com\/ca\/producto\/mod-9-blouse-lea-copia-copia-copia-copia-copia-copia-copia-copia-copia-copia-copia-2\/","og_site_name":"Anna Prat Personal Brand","article_publisher":"https:\/\/www.facebook.com\/people\/Anna-Prat\/61565411204077\/","article_modified_time":"2025-10-16T16:48:34+00:00","og_image":[{"width":1706,"height":2560,"url":"https:\/\/annapratbrand.com\/wp-content\/uploads\/2025\/09\/89-copia-scaled.jpg","type":"image\/jpeg"}],"twitter_card":"summary_large_image","schema":{"@context":"https:\/\/schema.org","@graph":[{"@type":"WebPage","@id":"https:\/\/annapratbrand.com\/ca\/producto\/mod-9-blouse-lea-copia-copia-copia-copia-copia-copia-copia-copia-copia-copia-copia-2\/","url":"https:\/\/annapratbrand.com\/ca\/producto\/mod-9-blouse-lea-copia-copia-copia-copia-copia-copia-copia-copia-copia-copia-copia-2\/","name":"MOD 90 SKIRT DIAMANT VELVET - Anna Prat Personal Brand","isPartOf":{"@id":"https:\/\/annapratbrand.com\/ca\/#website"},"primaryImageOfPage":{"@id":"https:\/\/annapratbrand.com\/ca\/producto\/mod-9-blouse-lea-copia-copia-copia-copia-copia-copia-copia-copia-copia-copia-copia-2\/#primaryimage"},"image":{"@id":"https:\/\/annapratbrand.com\/ca\/producto\/mod-9-blouse-lea-copia-copia-copia-copia-copia-copia-copia-copia-copia-copia-copia-2\/#primaryimage"},"thumbnailUrl":"https:\/\/annapratbrand.com\/wp-content\/uploads\/2025\/09\/89-copia-scaled.jpg","datePublished":"2025-10-02T19:08:38+00:00","dateModified":"2025-10-16T16:48:34+00:00","breadcrumb":{"@id":"https:\/\/annapratbrand.com\/ca\/producto\/mod-9-blouse-lea-copia-copia-copia-copia-copia-copia-copia-copia-copia-copia-copia-2\/#breadcrumb"},"inLanguage":"ca","potentialAction":[{"@type":"ReadAction","target":["https:\/\/annapratbrand.com\/ca\/producto\/mod-9-blouse-lea-copia-copia-copia-copia-copia-copia-copia-copia-copia-copia-copia-2\/"]}]},{"@type":"ImageObject","inLanguage":"ca","@id":"https:\/\/annapratbrand.com\/ca\/producto\/mod-9-blouse-lea-copia-copia-copia-copia-copia-copia-copia-copia-copia-copia-copia-2\/#primaryimage","url":"https:\/\/annapratbrand.com\/wp-content\/uploads\/2025\/09\/89-copia-scaled.jpg","contentUrl":"https:\/\/annapratbrand.com\/wp-content\/uploads\/2025\/09\/89-copia-scaled.jpg","width":1706,"height":2560},{"@type":"BreadcrumbList","@id":"https:\/\/annapratbrand.com\/ca\/producto\/mod-9-blouse-lea-copia-copia-copia-copia-copia-copia-copia-copia-copia-copia-copia-2\/#breadcrumb","itemListElement":[{"@type":"ListItem","position":1,"name":"Portada","item":"https:\/\/annapratbrand.com\/ca\/home\/"},{"@type":"ListItem","position":2,"name":"Productes","item":"https:\/\/annapratbrand.com\/ca\/shop\/"},{"@type":"ListItem","position":3,"name":"MOD 90 SKIRT DIAMANT VELVET"}]},{"@type":"WebSite","@id":"https:\/\/annapratbrand.com\/ca\/#website","url":"https:\/\/annapratbrand.com\/ca\/","name":"Anna Prat Personal Brand","description":"Anna Prat Brand","publisher":{"@id":"https:\/\/annapratbrand.com\/ca\/#organization"},"potentialAction":[{"@type":"SearchAction","target":{"@type":"EntryPoint","urlTemplate":"https:\/\/annapratbrand.com\/ca\/?s={search_term_string}"},"query-input":{"@type":"PropertyValueSpecification","valueRequired":true,"valueName":"search_term_string"}}],"inLanguage":"ca"},{"@type":"Organization","@id":"https:\/\/annapratbrand.com\/ca\/#organization","name":"Anna Prat Personal Brand","url":"https:\/\/annapratbrand.com\/ca\/","logo":{"@type":"ImageObject","inLanguage":"ca","@id":"https:\/\/annapratbrand.com\/ca\/#\/schema\/logo\/image\/","url":"https:\/\/annapratbrand.com\/wp-content\/uploads\/2025\/04\/logo_mes_gran.jpg","contentUrl":"https:\/\/annapratbrand.com\/wp-content\/uploads\/2025\/04\/logo_mes_gran.jpg","width":428,"height":152,"caption":"Anna Prat Personal Brand"},"image":{"@id":"https:\/\/annapratbrand.com\/ca\/#\/schema\/logo\/image\/"},"sameAs":["https:\/\/www.facebook.com\/people\/Anna-Prat\/61565411204077\/","https:\/\/www.instagram.com\/annapratannananuski\/"]}]}},"_links":{"self":[{"href":"https:\/\/annapratbrand.com\/ca\/wp-json\/wp\/v2\/product\/3433","targetHints":{"allow":["GET"]}}],"collection":[{"href":"https:\/\/annapratbrand.com\/ca\/wp-json\/wp\/v2\/product"}],"about":[{"href":"https:\/\/annapratbrand.com\/ca\/wp-json\/wp\/v2\/types\/product"}],"wp:featuredmedia":[{"embeddable":true,"href":"https:\/\/annapratbrand.com\/ca\/wp-json\/wp\/v2\/media\/2724"}],"wp:attachment":[{"href":"https:\/\/annapratbrand.com\/ca\/wp-json\/wp\/v2\/media?parent=3433"}],"wp:term":[{"taxonomy":"product_brand","embeddable":true,"href":"https:\/\/annapratbrand.com\/ca\/wp-json\/wp\/v2\/product_brand?post=3433"},{"taxonomy":"product_cat","embeddable":true,"href":"https:\/\/annapratbrand.com\/ca\/wp-json\/wp\/v2\/product_cat?post=3433"},{"taxonomy":"product_tag","embeddable":true,"href":"https:\/\/annapratbrand.com\/ca\/wp-json\/wp\/v2\/product_tag?post=3433"}],"curies":[{"name":"wp","href":"https:\/\/api.w.org\/{rel}","templated":true}]}}