{"id":3367,"date":"2025-10-02T19:43:38","date_gmt":"2025-10-02T17:43:38","guid":{"rendered":"https:\/\/annapratbrand.com\/?post_type=product&#038;p=3367"},"modified":"2025-10-20T12:16:21","modified_gmt":"2025-10-20T10:16:21","slug":"mod-9-blouse-lea-copia-copia-copia-copia-copia-copia-copia","status":"publish","type":"product","link":"https:\/\/annapratbrand.com\/ca\/producto\/mod-9-blouse-lea-copia-copia-copia-copia-copia-copia-copia\/","title":{"rendered":"MOD 85 PANT BLUE VELVET"},"content":{"rendered":"<div class=\"wp-block-image\">\n<p><strong>Pantalons Recte de Vellut el\u00e0stic ultra suau i elegant, ofereix una silueta estilitzada sense renunciar a la comoditat. Amb detalls de botons en color or vell que afegeixen un acabat sofisticat. Dissenyat per unir eleg\u00e0ncia i confort.  <\/strong><\/p>\n<ul>\n<li data-start=\"827\" data-end=\"864\">\n<p data-start=\"829\" data-end=\"864\">Tall recte cl\u00e0ssic i afavoridor.<\/p>\n<\/li>\n<li data-start=\"865\" data-end=\"913\">\n<p data-start=\"867\" data-end=\"913\">Teixit: Vellut el\u00e0stic de gran suavitat.<\/p>\n<\/li>\n<li data-start=\"914\" data-end=\"950\">\n<p data-start=\"916\" data-end=\"950\">Cintura del darrere amb goma interna s&#8217;ajusta perfectament al teu cos.<\/p>\n<\/li>\n<li data-start=\"951\" data-end=\"1010\">\n<p data-start=\"953\" data-end=\"1010\">Tancament frontal amb cremallera i bot\u00f3 bola en or vell, que aporten un toc elegant i diferenciador.<\/p>\n<\/li>\n<li data-start=\"1011\" data-end=\"1062\">\n<p data-start=\"1013\" data-end=\"1062\">Tapetes davanteres decoratives amb botons bola en or vell, afegeixen un acabat sofisticat.<\/p>\n<\/li>\n<\/ul>\n<div class=\"wp-block-image\">\n<ul>\n<li data-start=\"910\" data-end=\"941\">\n<p data-start=\"912\" data-end=\"941\">Ajust c\u00f2mode i afavoridor.<\/p>\n<\/li>\n<li data-start=\"942\" data-end=\"994\">\n<p data-start=\"944\" data-end=\"994\">Disponible en color petrol .<\/p>\n<\/li>\n<li data-start=\"942\" data-end=\"994\">Estil : Elegant per a looks formals amb estil, esdeveniments especials, oficina elegant o per combinar amb peces b\u00e0siques i marcar la difer\u00e8ncia.<\/li>\n<\/ul>\n<p>Col\u00b7lecci\u00f3 de peces realitzada en vellut el\u00e0stic de gran suavitat, que abra\u00e7a el cos sense oprimir. Eleg\u00e0ncia pel teu dia a dia o per a ocasions especials. Imprescindibles per elevar els outfits d&#8217;hivern.   <strong><br \/>&#8220;Una segona pell en vellut. Flexible, elegant, inoblidable&#8221;<\/strong><\/p>\n<div class=\"wp-block-image\">\n<p>&nbsp;<\/p>\n<\/div>\n<div class=\"wp-block-image\">\n<p>&nbsp;<\/p>\n<div class=\"wp-block-image\">\n<p>&nbsp;<\/p>\n<div class=\"wp-block-image\">\n<p>&nbsp;<\/p>\n<div class=\"wp-block-image\">\n<p>&nbsp;<\/p>\n<div class=\"wp-block-image\">\n<p>&nbsp;<\/p>\n<\/div>\n<\/div>\n<\/div>\n<\/div>\n<\/div>\n<\/div>\n<p>&nbsp;<\/p>\n<p>&nbsp;<\/p>\n<div class=\"wp-block-image\">\n<p>&nbsp;<\/p>\n<div class=\"wp-block-image\">\n<p>&nbsp;<\/p>\n<div class=\"wp-block-image\">\n<div class=\"wp-block-image\"><\/div>\n<\/div>\n<\/div>\n<\/div>\n<\/div>\n<div class=\"wp-block-image\">\n<p>&nbsp;<\/p>\n<div class=\"wp-block-image\">\n<p>&nbsp;<\/p>\n<div class=\"wp-block-image\">\n<p>&nbsp;<\/p>\n<div class=\"wp-block-image\">\n<p>&nbsp;<\/p>\n<div class=\"wp-block-image\"><\/div>\n<\/div>\n<\/div>\n<div class=\"wp-block-image\">\n<p>&nbsp;<\/p>\n<div class=\"wp-block-image\"><\/div>\n<\/div>\n<\/div>\n<\/div>\n","protected":false},"excerpt":{"rendered":"<p>Pantalons Recte de Vellut el\u00e0stic ultra suau i elegant, ofereix una silueta estilitzada sense renunciar a la comoditat. Amb detalls de botons en color or vell que afegeixen un acabat sofisticat. Dissenyat per unir eleg\u00e0ncia i confort. Tall recte cl\u00e0ssic i afavoridor. Teixit: Vellut el\u00e0stic de gran suavitat. Cintura del darrere amb goma interna s&#8217;ajusta&hellip; <a class=\"continue\" href=\"https:\/\/annapratbrand.com\/ca\/producto\/mod-9-blouse-lea-copia-copia-copia-copia-copia-copia-copia\/\">Continue Reading<span> MOD 85 PANT BLUE VELVET<\/span><\/a><\/p>\n","protected":false},"featured_media":3918,"template":"","meta":{"_et_pb_use_builder":"","_et_pb_old_content":"","_et_gb_content_width":""},"product_brand":[],"product_cat":[247,231,168],"product_tag":[],"class_list":{"0":"post-3367","1":"product","2":"type-product","3":"status-publish","4":"has-post-thumbnail","6":"product_cat-blue-velvet-ca","7":"product_cat-hivern-25-26","8":"product_cat-pant-ca","10":"first","11":"instock","12":"shipping-taxable","13":"product-type-simple"},"yoast_head":"<!-- This site is optimized with the Yoast SEO plugin v27.4 - https:\/\/yoast.com\/product\/yoast-seo-wordpress\/ -->\n<title>MOD 85 PANT BLUE VELVET - Anna Prat Personal Brand<\/title>\n<meta name=\"robots\" content=\"index, follow, max-snippet:-1, max-image-preview:large, max-video-preview:-1\" \/>\n<link rel=\"canonical\" href=\"https:\/\/annapratbrand.com\/ca\/producto\/mod-9-blouse-lea-copia-copia-copia-copia-copia-copia-copia\/\" \/>\n<meta property=\"og:locale\" content=\"ca_ES\" \/>\n<meta property=\"og:type\" content=\"article\" \/>\n<meta property=\"og:title\" content=\"MOD 85 PANT BLUE VELVET - Anna Prat Personal Brand\" \/>\n<meta property=\"og:description\" content=\"Pantalons Recte de Vellut el\u00e0stic ultra suau i elegant, ofereix una silueta estilitzada sense renunciar a la comoditat. Amb detalls de botons en color or vell que afegeixen un acabat sofisticat. Dissenyat per unir eleg\u00e0ncia i confort. Tall recte cl\u00e0ssic i afavoridor. Teixit: Vellut el\u00e0stic de gran suavitat. Cintura del darrere amb goma interna s&#8217;ajusta&hellip; Continue Reading MOD 85 PANT BLUE VELVET\" \/>\n<meta property=\"og:url\" content=\"https:\/\/annapratbrand.com\/ca\/producto\/mod-9-blouse-lea-copia-copia-copia-copia-copia-copia-copia\/\" \/>\n<meta property=\"og:site_name\" content=\"Anna Prat Personal Brand\" \/>\n<meta property=\"article:publisher\" content=\"https:\/\/www.facebook.com\/people\/Anna-Prat\/61565411204077\/\" \/>\n<meta property=\"article:modified_time\" content=\"2025-10-20T10:16:21+00:00\" \/>\n<meta property=\"og:image\" content=\"https:\/\/annapratbrand.com\/wp-content\/uploads\/2025\/10\/MOD-85-PANT-BLUE-VELVET-1.jpg\" \/>\n\t<meta property=\"og:image:width\" content=\"480\" \/>\n\t<meta property=\"og:image:height\" content=\"720\" \/>\n\t<meta property=\"og:image:type\" content=\"image\/jpeg\" \/>\n<meta name=\"twitter:card\" content=\"summary_large_image\" \/>\n<script type=\"application\/ld+json\" class=\"yoast-schema-graph\">{\"@context\":\"https:\\\/\\\/schema.org\",\"@graph\":[{\"@type\":\"WebPage\",\"@id\":\"https:\\\/\\\/annapratbrand.com\\\/ca\\\/producto\\\/mod-9-blouse-lea-copia-copia-copia-copia-copia-copia-copia\\\/\",\"url\":\"https:\\\/\\\/annapratbrand.com\\\/ca\\\/producto\\\/mod-9-blouse-lea-copia-copia-copia-copia-copia-copia-copia\\\/\",\"name\":\"MOD 85 PANT BLUE VELVET - Anna Prat Personal Brand\",\"isPartOf\":{\"@id\":\"https:\\\/\\\/annapratbrand.com\\\/ca\\\/#website\"},\"primaryImageOfPage\":{\"@id\":\"https:\\\/\\\/annapratbrand.com\\\/ca\\\/producto\\\/mod-9-blouse-lea-copia-copia-copia-copia-copia-copia-copia\\\/#primaryimage\"},\"image\":{\"@id\":\"https:\\\/\\\/annapratbrand.com\\\/ca\\\/producto\\\/mod-9-blouse-lea-copia-copia-copia-copia-copia-copia-copia\\\/#primaryimage\"},\"thumbnailUrl\":\"https:\\\/\\\/annapratbrand.com\\\/wp-content\\\/uploads\\\/2025\\\/10\\\/MOD-85-PANT-BLUE-VELVET-1.jpg\",\"datePublished\":\"2025-10-02T17:43:38+00:00\",\"dateModified\":\"2025-10-20T10:16:21+00:00\",\"breadcrumb\":{\"@id\":\"https:\\\/\\\/annapratbrand.com\\\/ca\\\/producto\\\/mod-9-blouse-lea-copia-copia-copia-copia-copia-copia-copia\\\/#breadcrumb\"},\"inLanguage\":\"ca\",\"potentialAction\":[{\"@type\":\"ReadAction\",\"target\":[\"https:\\\/\\\/annapratbrand.com\\\/ca\\\/producto\\\/mod-9-blouse-lea-copia-copia-copia-copia-copia-copia-copia\\\/\"]}]},{\"@type\":\"ImageObject\",\"inLanguage\":\"ca\",\"@id\":\"https:\\\/\\\/annapratbrand.com\\\/ca\\\/producto\\\/mod-9-blouse-lea-copia-copia-copia-copia-copia-copia-copia\\\/#primaryimage\",\"url\":\"https:\\\/\\\/annapratbrand.com\\\/wp-content\\\/uploads\\\/2025\\\/10\\\/MOD-85-PANT-BLUE-VELVET-1.jpg\",\"contentUrl\":\"https:\\\/\\\/annapratbrand.com\\\/wp-content\\\/uploads\\\/2025\\\/10\\\/MOD-85-PANT-BLUE-VELVET-1.jpg\",\"width\":480,\"height\":720},{\"@type\":\"BreadcrumbList\",\"@id\":\"https:\\\/\\\/annapratbrand.com\\\/ca\\\/producto\\\/mod-9-blouse-lea-copia-copia-copia-copia-copia-copia-copia\\\/#breadcrumb\",\"itemListElement\":[{\"@type\":\"ListItem\",\"position\":1,\"name\":\"Portada\",\"item\":\"https:\\\/\\\/annapratbrand.com\\\/ca\\\/\"},{\"@type\":\"ListItem\",\"position\":2,\"name\":\"Productes\",\"item\":\"https:\\\/\\\/annapratbrand.com\\\/ca\\\/shop\\\/\"},{\"@type\":\"ListItem\",\"position\":3,\"name\":\"MOD 85 PANT BLUE VELVET\"}]},{\"@type\":\"WebSite\",\"@id\":\"https:\\\/\\\/annapratbrand.com\\\/ca\\\/#website\",\"url\":\"https:\\\/\\\/annapratbrand.com\\\/ca\\\/\",\"name\":\"Anna Prat Personal Brand\",\"description\":\"Anna Prat Brand\",\"publisher\":{\"@id\":\"https:\\\/\\\/annapratbrand.com\\\/ca\\\/#organization\"},\"potentialAction\":[{\"@type\":\"SearchAction\",\"target\":{\"@type\":\"EntryPoint\",\"urlTemplate\":\"https:\\\/\\\/annapratbrand.com\\\/ca\\\/?s={search_term_string}\"},\"query-input\":{\"@type\":\"PropertyValueSpecification\",\"valueRequired\":true,\"valueName\":\"search_term_string\"}}],\"inLanguage\":\"ca\"},{\"@type\":\"Organization\",\"@id\":\"https:\\\/\\\/annapratbrand.com\\\/ca\\\/#organization\",\"name\":\"Anna Prat Personal Brand\",\"url\":\"https:\\\/\\\/annapratbrand.com\\\/ca\\\/\",\"logo\":{\"@type\":\"ImageObject\",\"inLanguage\":\"ca\",\"@id\":\"https:\\\/\\\/annapratbrand.com\\\/ca\\\/#\\\/schema\\\/logo\\\/image\\\/\",\"url\":\"https:\\\/\\\/annapratbrand.com\\\/wp-content\\\/uploads\\\/2025\\\/04\\\/logo_mes_gran.jpg\",\"contentUrl\":\"https:\\\/\\\/annapratbrand.com\\\/wp-content\\\/uploads\\\/2025\\\/04\\\/logo_mes_gran.jpg\",\"width\":428,\"height\":152,\"caption\":\"Anna Prat Personal Brand\"},\"image\":{\"@id\":\"https:\\\/\\\/annapratbrand.com\\\/ca\\\/#\\\/schema\\\/logo\\\/image\\\/\"},\"sameAs\":[\"https:\\\/\\\/www.facebook.com\\\/people\\\/Anna-Prat\\\/61565411204077\\\/\",\"https:\\\/\\\/www.instagram.com\\\/annapratannananuski\\\/\"]}]}<\/script>\n<!-- \/ Yoast SEO plugin. -->","yoast_head_json":{"title":"MOD 85 PANT BLUE VELVET - Anna Prat Personal Brand","robots":{"index":"index","follow":"follow","max-snippet":"max-snippet:-1","max-image-preview":"max-image-preview:large","max-video-preview":"max-video-preview:-1"},"canonical":"https:\/\/annapratbrand.com\/ca\/producto\/mod-9-blouse-lea-copia-copia-copia-copia-copia-copia-copia\/","og_locale":"ca_ES","og_type":"article","og_title":"MOD 85 PANT BLUE VELVET - Anna Prat Personal Brand","og_description":"Pantalons Recte de Vellut el\u00e0stic ultra suau i elegant, ofereix una silueta estilitzada sense renunciar a la comoditat. Amb detalls de botons en color or vell que afegeixen un acabat sofisticat. Dissenyat per unir eleg\u00e0ncia i confort. Tall recte cl\u00e0ssic i afavoridor. Teixit: Vellut el\u00e0stic de gran suavitat. Cintura del darrere amb goma interna s&#8217;ajusta&hellip; Continue Reading MOD 85 PANT BLUE VELVET","og_url":"https:\/\/annapratbrand.com\/ca\/producto\/mod-9-blouse-lea-copia-copia-copia-copia-copia-copia-copia\/","og_site_name":"Anna Prat Personal Brand","article_publisher":"https:\/\/www.facebook.com\/people\/Anna-Prat\/61565411204077\/","article_modified_time":"2025-10-20T10:16:21+00:00","og_image":[{"width":480,"height":720,"url":"https:\/\/annapratbrand.com\/wp-content\/uploads\/2025\/10\/MOD-85-PANT-BLUE-VELVET-1.jpg","type":"image\/jpeg"}],"twitter_card":"summary_large_image","schema":{"@context":"https:\/\/schema.org","@graph":[{"@type":"WebPage","@id":"https:\/\/annapratbrand.com\/ca\/producto\/mod-9-blouse-lea-copia-copia-copia-copia-copia-copia-copia\/","url":"https:\/\/annapratbrand.com\/ca\/producto\/mod-9-blouse-lea-copia-copia-copia-copia-copia-copia-copia\/","name":"MOD 85 PANT BLUE VELVET - Anna Prat Personal Brand","isPartOf":{"@id":"https:\/\/annapratbrand.com\/ca\/#website"},"primaryImageOfPage":{"@id":"https:\/\/annapratbrand.com\/ca\/producto\/mod-9-blouse-lea-copia-copia-copia-copia-copia-copia-copia\/#primaryimage"},"image":{"@id":"https:\/\/annapratbrand.com\/ca\/producto\/mod-9-blouse-lea-copia-copia-copia-copia-copia-copia-copia\/#primaryimage"},"thumbnailUrl":"https:\/\/annapratbrand.com\/wp-content\/uploads\/2025\/10\/MOD-85-PANT-BLUE-VELVET-1.jpg","datePublished":"2025-10-02T17:43:38+00:00","dateModified":"2025-10-20T10:16:21+00:00","breadcrumb":{"@id":"https:\/\/annapratbrand.com\/ca\/producto\/mod-9-blouse-lea-copia-copia-copia-copia-copia-copia-copia\/#breadcrumb"},"inLanguage":"ca","potentialAction":[{"@type":"ReadAction","target":["https:\/\/annapratbrand.com\/ca\/producto\/mod-9-blouse-lea-copia-copia-copia-copia-copia-copia-copia\/"]}]},{"@type":"ImageObject","inLanguage":"ca","@id":"https:\/\/annapratbrand.com\/ca\/producto\/mod-9-blouse-lea-copia-copia-copia-copia-copia-copia-copia\/#primaryimage","url":"https:\/\/annapratbrand.com\/wp-content\/uploads\/2025\/10\/MOD-85-PANT-BLUE-VELVET-1.jpg","contentUrl":"https:\/\/annapratbrand.com\/wp-content\/uploads\/2025\/10\/MOD-85-PANT-BLUE-VELVET-1.jpg","width":480,"height":720},{"@type":"BreadcrumbList","@id":"https:\/\/annapratbrand.com\/ca\/producto\/mod-9-blouse-lea-copia-copia-copia-copia-copia-copia-copia\/#breadcrumb","itemListElement":[{"@type":"ListItem","position":1,"name":"Portada","item":"https:\/\/annapratbrand.com\/ca\/"},{"@type":"ListItem","position":2,"name":"Productes","item":"https:\/\/annapratbrand.com\/ca\/shop\/"},{"@type":"ListItem","position":3,"name":"MOD 85 PANT BLUE VELVET"}]},{"@type":"WebSite","@id":"https:\/\/annapratbrand.com\/ca\/#website","url":"https:\/\/annapratbrand.com\/ca\/","name":"Anna Prat Personal Brand","description":"Anna Prat Brand","publisher":{"@id":"https:\/\/annapratbrand.com\/ca\/#organization"},"potentialAction":[{"@type":"SearchAction","target":{"@type":"EntryPoint","urlTemplate":"https:\/\/annapratbrand.com\/ca\/?s={search_term_string}"},"query-input":{"@type":"PropertyValueSpecification","valueRequired":true,"valueName":"search_term_string"}}],"inLanguage":"ca"},{"@type":"Organization","@id":"https:\/\/annapratbrand.com\/ca\/#organization","name":"Anna Prat Personal Brand","url":"https:\/\/annapratbrand.com\/ca\/","logo":{"@type":"ImageObject","inLanguage":"ca","@id":"https:\/\/annapratbrand.com\/ca\/#\/schema\/logo\/image\/","url":"https:\/\/annapratbrand.com\/wp-content\/uploads\/2025\/04\/logo_mes_gran.jpg","contentUrl":"https:\/\/annapratbrand.com\/wp-content\/uploads\/2025\/04\/logo_mes_gran.jpg","width":428,"height":152,"caption":"Anna Prat Personal Brand"},"image":{"@id":"https:\/\/annapratbrand.com\/ca\/#\/schema\/logo\/image\/"},"sameAs":["https:\/\/www.facebook.com\/people\/Anna-Prat\/61565411204077\/","https:\/\/www.instagram.com\/annapratannananuski\/"]}]}},"_links":{"self":[{"href":"https:\/\/annapratbrand.com\/ca\/wp-json\/wp\/v2\/product\/3367","targetHints":{"allow":["GET"]}}],"collection":[{"href":"https:\/\/annapratbrand.com\/ca\/wp-json\/wp\/v2\/product"}],"about":[{"href":"https:\/\/annapratbrand.com\/ca\/wp-json\/wp\/v2\/types\/product"}],"wp:featuredmedia":[{"embeddable":true,"href":"https:\/\/annapratbrand.com\/ca\/wp-json\/wp\/v2\/media\/3918"}],"wp:attachment":[{"href":"https:\/\/annapratbrand.com\/ca\/wp-json\/wp\/v2\/media?parent=3367"}],"wp:term":[{"taxonomy":"product_brand","embeddable":true,"href":"https:\/\/annapratbrand.com\/ca\/wp-json\/wp\/v2\/product_brand?post=3367"},{"taxonomy":"product_cat","embeddable":true,"href":"https:\/\/annapratbrand.com\/ca\/wp-json\/wp\/v2\/product_cat?post=3367"},{"taxonomy":"product_tag","embeddable":true,"href":"https:\/\/annapratbrand.com\/ca\/wp-json\/wp\/v2\/product_tag?post=3367"}],"curies":[{"name":"wp","href":"https:\/\/api.w.org\/{rel}","templated":true}]}}