{"id":3365,"date":"2025-10-02T19:38:20","date_gmt":"2025-10-02T17:38:20","guid":{"rendered":"https:\/\/annapratbrand.com\/?post_type=product&#038;p=3365"},"modified":"2025-10-16T19:48:04","modified_gmt":"2025-10-16T17:48:04","slug":"mod-9-blouse-lea-copia-copia-copia-copia-copia-copia-2","status":"publish","type":"product","link":"https:\/\/annapratbrand.com\/ca\/producto\/mod-9-blouse-lea-copia-copia-copia-copia-copia-copia-2\/","title":{"rendered":"MOD 64 BLAZER BLUE VELVET"},"content":{"rendered":"<div class=\"wp-block-image\">\n<p data-start=\"186\" data-end=\"236\"><strong data-start=\"190\" data-end=\"236\">Blazer de tall recte, dissenyada per afavorir tot tipus de siluetes, combina l\u00ednies netes amb detalls elegants. La seva estructura vers\u00e0til no sacrifica la sofisticaci\u00f3, oferint un fit c\u00f2mode per\u00f2 polit, ideal per al dia a dia o esdeveniments especials. Una pe\u00e7a clau que eleva qualsevol look amb facilitat. Perfecta per portar oberta o tancada.   <\/strong><\/p>\n<ul>\n<li data-start=\"846\" data-end=\"891\">\n<p data-start=\"848\" data-end=\"891\">Tall recte, apte per a totes les siluetes.<\/p>\n<\/li>\n<li data-start=\"892\" data-end=\"940\">\n<p data-start=\"894\" data-end=\"940\">Tancament frontal amb botons bola en or vell afegeixen un toc de distinci\u00f3.<\/p>\n<\/li>\n<li data-start=\"941\" data-end=\"979\">\n<p data-start=\"943\" data-end=\"979\">Butxaques davanteres tipus plastr\u00f3 aporten un aire contemporani i funcional.<\/p>\n<\/li>\n<li data-start=\"980\" data-end=\"998\">\n<p data-start=\"982\" data-end=\"998\">Solapa cl\u00e0ssica.<\/p>\n<\/li>\n<li data-start=\"999\" data-end=\"1043\">\n<p data-start=\"1001\" data-end=\"1043\">Sense folre per a m\u00e9s comoditat.<\/p>\n<\/li>\n<\/ul>\n<div class=\"wp-block-image\">\n<ul>\n<li data-start=\"910\" data-end=\"941\">\n<p data-start=\"912\" data-end=\"941\">Ajust c\u00f2mode i afavoridor.<\/p>\n<\/li>\n<li data-start=\"942\" data-end=\"994\">\n<p data-start=\"944\" data-end=\"994\">Disponible en color petrol .<\/p>\n<\/li>\n<li data-start=\"942\" data-end=\"994\">Estil: Elegant per a looks formals amb estil, oficina elegant, per combinar amb peces de la mateixa col\u00b7lecci\u00f3 i marcar la difer\u00e8ncia, o elevar els teus outfits casual.<\/li>\n<\/ul>\n<p>Col\u00b7lecci\u00f3 de peces realitzada en vellut el\u00e0stic de gran suavitat, que abra\u00e7a el cos sense oprimir. Eleg\u00e0ncia pel teu dia a dia o per a ocasions especials. Imprescindibles per elevar els outfits d&#8217;hivern.   <strong><br \/>&#8220;Una segona pell en vellut. Flexible, elegant, inoblidable&#8221;<\/strong><\/p>\n<div class=\"wp-block-image\">\n<p>&nbsp;<\/p>\n<\/div>\n<div class=\"wp-block-image\">\n<p>&nbsp;<\/p>\n<div class=\"wp-block-image\">\n<p>&nbsp;<\/p>\n<div class=\"wp-block-image\">\n<p>&nbsp;<\/p>\n<div class=\"wp-block-image\">\n<p>&nbsp;<\/p>\n<div class=\"wp-block-image\">\n<p>&nbsp;<\/p>\n<\/div>\n<\/div>\n<\/div>\n<\/div>\n<\/div>\n<\/div>\n<p>&nbsp;<\/p>\n<p>&nbsp;<\/p>\n<div class=\"wp-block-image\">\n<p>&nbsp;<\/p>\n<div class=\"wp-block-image\">\n<p>&nbsp;<\/p>\n<div class=\"wp-block-image\">\n<div class=\"wp-block-image\"><\/div>\n<\/div>\n<\/div>\n<\/div>\n<\/div>\n<div class=\"wp-block-image\">\n<p>&nbsp;<\/p>\n<div class=\"wp-block-image\">\n<p>&nbsp;<\/p>\n<div class=\"wp-block-image\">\n<p>&nbsp;<\/p>\n<div class=\"wp-block-image\">\n<p>&nbsp;<\/p>\n<div class=\"wp-block-image\"><\/div>\n<\/div>\n<\/div>\n<div class=\"wp-block-image\">\n<p>&nbsp;<\/p>\n<div class=\"wp-block-image\"><\/div>\n<\/div>\n<\/div>\n<\/div>\n","protected":false},"excerpt":{"rendered":"<p>Blazer de tall recte, dissenyada per afavorir tot tipus de siluetes, combina l\u00ednies netes amb detalls elegants. La seva estructura vers\u00e0til no sacrifica la sofisticaci\u00f3, oferint un fit c\u00f2mode per\u00f2 polit, ideal per al dia a dia o esdeveniments especials. Una pe\u00e7a clau que eleva qualsevol look amb facilitat. Perfecta per portar oberta o tancada.&hellip; <a class=\"continue\" href=\"https:\/\/annapratbrand.com\/ca\/producto\/mod-9-blouse-lea-copia-copia-copia-copia-copia-copia-2\/\">Continue Reading<span> MOD 64 BLAZER BLUE VELVET<\/span><\/a><\/p>\n","protected":false},"featured_media":2990,"template":"","meta":{"_et_pb_use_builder":"","_et_pb_old_content":"","_et_gb_content_width":""},"product_brand":[],"product_cat":[233,247,231],"product_tag":[],"class_list":{"0":"post-3365","1":"product","2":"type-product","3":"status-publish","4":"has-post-thumbnail","6":"product_cat-blazer-ca","7":"product_cat-blue-velvet-ca","8":"product_cat-hivern-25-26","10":"first","11":"instock","12":"shipping-taxable","13":"product-type-simple"},"yoast_head":"<!-- This site is optimized with the Yoast SEO plugin v27.4 - https:\/\/yoast.com\/product\/yoast-seo-wordpress\/ -->\n<title>MOD 64 BLAZER BLUE VELVET - Anna Prat Personal Brand<\/title>\n<meta name=\"robots\" content=\"index, follow, max-snippet:-1, max-image-preview:large, max-video-preview:-1\" \/>\n<link rel=\"canonical\" href=\"https:\/\/annapratbrand.com\/ca\/producto\/mod-9-blouse-lea-copia-copia-copia-copia-copia-copia-2\/\" \/>\n<meta property=\"og:locale\" content=\"ca_ES\" \/>\n<meta property=\"og:type\" content=\"article\" \/>\n<meta property=\"og:title\" content=\"MOD 64 BLAZER BLUE VELVET - Anna Prat Personal Brand\" \/>\n<meta property=\"og:description\" content=\"Blazer de tall recte, dissenyada per afavorir tot tipus de siluetes, combina l\u00ednies netes amb detalls elegants. La seva estructura vers\u00e0til no sacrifica la sofisticaci\u00f3, oferint un fit c\u00f2mode per\u00f2 polit, ideal per al dia a dia o esdeveniments especials. Una pe\u00e7a clau que eleva qualsevol look amb facilitat. Perfecta per portar oberta o tancada.&hellip; Continue Reading MOD 64 BLAZER BLUE VELVET\" \/>\n<meta property=\"og:url\" content=\"https:\/\/annapratbrand.com\/ca\/producto\/mod-9-blouse-lea-copia-copia-copia-copia-copia-copia-2\/\" \/>\n<meta property=\"og:site_name\" content=\"Anna Prat Personal Brand\" \/>\n<meta property=\"article:publisher\" content=\"https:\/\/www.facebook.com\/people\/Anna-Prat\/61565411204077\/\" \/>\n<meta property=\"article:modified_time\" content=\"2025-10-16T17:48:04+00:00\" \/>\n<meta property=\"og:image\" content=\"https:\/\/annapratbrand.com\/wp-content\/uploads\/2025\/09\/156-copia-scaled.webp\" \/>\n\t<meta property=\"og:image:width\" content=\"1707\" \/>\n\t<meta property=\"og:image:height\" content=\"2560\" \/>\n\t<meta property=\"og:image:type\" content=\"image\/webp\" \/>\n<meta name=\"twitter:card\" content=\"summary_large_image\" \/>\n<script type=\"application\/ld+json\" class=\"yoast-schema-graph\">{\"@context\":\"https:\\\/\\\/schema.org\",\"@graph\":[{\"@type\":\"WebPage\",\"@id\":\"https:\\\/\\\/annapratbrand.com\\\/ca\\\/producto\\\/mod-9-blouse-lea-copia-copia-copia-copia-copia-copia-2\\\/\",\"url\":\"https:\\\/\\\/annapratbrand.com\\\/ca\\\/producto\\\/mod-9-blouse-lea-copia-copia-copia-copia-copia-copia-2\\\/\",\"name\":\"MOD 64 BLAZER BLUE VELVET - Anna Prat Personal Brand\",\"isPartOf\":{\"@id\":\"https:\\\/\\\/annapratbrand.com\\\/ca\\\/#website\"},\"primaryImageOfPage\":{\"@id\":\"https:\\\/\\\/annapratbrand.com\\\/ca\\\/producto\\\/mod-9-blouse-lea-copia-copia-copia-copia-copia-copia-2\\\/#primaryimage\"},\"image\":{\"@id\":\"https:\\\/\\\/annapratbrand.com\\\/ca\\\/producto\\\/mod-9-blouse-lea-copia-copia-copia-copia-copia-copia-2\\\/#primaryimage\"},\"thumbnailUrl\":\"https:\\\/\\\/annapratbrand.com\\\/wp-content\\\/uploads\\\/2025\\\/09\\\/156-copia-scaled.webp\",\"datePublished\":\"2025-10-02T17:38:20+00:00\",\"dateModified\":\"2025-10-16T17:48:04+00:00\",\"breadcrumb\":{\"@id\":\"https:\\\/\\\/annapratbrand.com\\\/ca\\\/producto\\\/mod-9-blouse-lea-copia-copia-copia-copia-copia-copia-2\\\/#breadcrumb\"},\"inLanguage\":\"ca\",\"potentialAction\":[{\"@type\":\"ReadAction\",\"target\":[\"https:\\\/\\\/annapratbrand.com\\\/ca\\\/producto\\\/mod-9-blouse-lea-copia-copia-copia-copia-copia-copia-2\\\/\"]}]},{\"@type\":\"ImageObject\",\"inLanguage\":\"ca\",\"@id\":\"https:\\\/\\\/annapratbrand.com\\\/ca\\\/producto\\\/mod-9-blouse-lea-copia-copia-copia-copia-copia-copia-2\\\/#primaryimage\",\"url\":\"https:\\\/\\\/annapratbrand.com\\\/wp-content\\\/uploads\\\/2025\\\/09\\\/156-copia-scaled.webp\",\"contentUrl\":\"https:\\\/\\\/annapratbrand.com\\\/wp-content\\\/uploads\\\/2025\\\/09\\\/156-copia-scaled.webp\",\"width\":1707,\"height\":2560},{\"@type\":\"BreadcrumbList\",\"@id\":\"https:\\\/\\\/annapratbrand.com\\\/ca\\\/producto\\\/mod-9-blouse-lea-copia-copia-copia-copia-copia-copia-2\\\/#breadcrumb\",\"itemListElement\":[{\"@type\":\"ListItem\",\"position\":1,\"name\":\"Portada\",\"item\":\"https:\\\/\\\/annapratbrand.com\\\/ca\\\/home\\\/\"},{\"@type\":\"ListItem\",\"position\":2,\"name\":\"Productes\",\"item\":\"https:\\\/\\\/annapratbrand.com\\\/ca\\\/shop\\\/\"},{\"@type\":\"ListItem\",\"position\":3,\"name\":\"MOD 64 BLAZER BLUE VELVET\"}]},{\"@type\":\"WebSite\",\"@id\":\"https:\\\/\\\/annapratbrand.com\\\/ca\\\/#website\",\"url\":\"https:\\\/\\\/annapratbrand.com\\\/ca\\\/\",\"name\":\"Anna Prat Personal Brand\",\"description\":\"Anna Prat Brand\",\"publisher\":{\"@id\":\"https:\\\/\\\/annapratbrand.com\\\/ca\\\/#organization\"},\"potentialAction\":[{\"@type\":\"SearchAction\",\"target\":{\"@type\":\"EntryPoint\",\"urlTemplate\":\"https:\\\/\\\/annapratbrand.com\\\/ca\\\/?s={search_term_string}\"},\"query-input\":{\"@type\":\"PropertyValueSpecification\",\"valueRequired\":true,\"valueName\":\"search_term_string\"}}],\"inLanguage\":\"ca\"},{\"@type\":\"Organization\",\"@id\":\"https:\\\/\\\/annapratbrand.com\\\/ca\\\/#organization\",\"name\":\"Anna Prat Personal Brand\",\"url\":\"https:\\\/\\\/annapratbrand.com\\\/ca\\\/\",\"logo\":{\"@type\":\"ImageObject\",\"inLanguage\":\"ca\",\"@id\":\"https:\\\/\\\/annapratbrand.com\\\/ca\\\/#\\\/schema\\\/logo\\\/image\\\/\",\"url\":\"https:\\\/\\\/annapratbrand.com\\\/wp-content\\\/uploads\\\/2025\\\/04\\\/logo_mes_gran.jpg\",\"contentUrl\":\"https:\\\/\\\/annapratbrand.com\\\/wp-content\\\/uploads\\\/2025\\\/04\\\/logo_mes_gran.jpg\",\"width\":428,\"height\":152,\"caption\":\"Anna Prat Personal Brand\"},\"image\":{\"@id\":\"https:\\\/\\\/annapratbrand.com\\\/ca\\\/#\\\/schema\\\/logo\\\/image\\\/\"},\"sameAs\":[\"https:\\\/\\\/www.facebook.com\\\/people\\\/Anna-Prat\\\/61565411204077\\\/\",\"https:\\\/\\\/www.instagram.com\\\/annapratannananuski\\\/\"]}]}<\/script>\n<!-- \/ Yoast SEO plugin. -->","yoast_head_json":{"title":"MOD 64 BLAZER BLUE VELVET - Anna Prat Personal Brand","robots":{"index":"index","follow":"follow","max-snippet":"max-snippet:-1","max-image-preview":"max-image-preview:large","max-video-preview":"max-video-preview:-1"},"canonical":"https:\/\/annapratbrand.com\/ca\/producto\/mod-9-blouse-lea-copia-copia-copia-copia-copia-copia-2\/","og_locale":"ca_ES","og_type":"article","og_title":"MOD 64 BLAZER BLUE VELVET - Anna Prat Personal Brand","og_description":"Blazer de tall recte, dissenyada per afavorir tot tipus de siluetes, combina l\u00ednies netes amb detalls elegants. La seva estructura vers\u00e0til no sacrifica la sofisticaci\u00f3, oferint un fit c\u00f2mode per\u00f2 polit, ideal per al dia a dia o esdeveniments especials. Una pe\u00e7a clau que eleva qualsevol look amb facilitat. Perfecta per portar oberta o tancada.&hellip; Continue Reading MOD 64 BLAZER BLUE VELVET","og_url":"https:\/\/annapratbrand.com\/ca\/producto\/mod-9-blouse-lea-copia-copia-copia-copia-copia-copia-2\/","og_site_name":"Anna Prat Personal Brand","article_publisher":"https:\/\/www.facebook.com\/people\/Anna-Prat\/61565411204077\/","article_modified_time":"2025-10-16T17:48:04+00:00","og_image":[{"width":1707,"height":2560,"url":"https:\/\/annapratbrand.com\/wp-content\/uploads\/2025\/09\/156-copia-scaled.webp","type":"image\/webp"}],"twitter_card":"summary_large_image","schema":{"@context":"https:\/\/schema.org","@graph":[{"@type":"WebPage","@id":"https:\/\/annapratbrand.com\/ca\/producto\/mod-9-blouse-lea-copia-copia-copia-copia-copia-copia-2\/","url":"https:\/\/annapratbrand.com\/ca\/producto\/mod-9-blouse-lea-copia-copia-copia-copia-copia-copia-2\/","name":"MOD 64 BLAZER BLUE VELVET - Anna Prat Personal Brand","isPartOf":{"@id":"https:\/\/annapratbrand.com\/ca\/#website"},"primaryImageOfPage":{"@id":"https:\/\/annapratbrand.com\/ca\/producto\/mod-9-blouse-lea-copia-copia-copia-copia-copia-copia-2\/#primaryimage"},"image":{"@id":"https:\/\/annapratbrand.com\/ca\/producto\/mod-9-blouse-lea-copia-copia-copia-copia-copia-copia-2\/#primaryimage"},"thumbnailUrl":"https:\/\/annapratbrand.com\/wp-content\/uploads\/2025\/09\/156-copia-scaled.webp","datePublished":"2025-10-02T17:38:20+00:00","dateModified":"2025-10-16T17:48:04+00:00","breadcrumb":{"@id":"https:\/\/annapratbrand.com\/ca\/producto\/mod-9-blouse-lea-copia-copia-copia-copia-copia-copia-2\/#breadcrumb"},"inLanguage":"ca","potentialAction":[{"@type":"ReadAction","target":["https:\/\/annapratbrand.com\/ca\/producto\/mod-9-blouse-lea-copia-copia-copia-copia-copia-copia-2\/"]}]},{"@type":"ImageObject","inLanguage":"ca","@id":"https:\/\/annapratbrand.com\/ca\/producto\/mod-9-blouse-lea-copia-copia-copia-copia-copia-copia-2\/#primaryimage","url":"https:\/\/annapratbrand.com\/wp-content\/uploads\/2025\/09\/156-copia-scaled.webp","contentUrl":"https:\/\/annapratbrand.com\/wp-content\/uploads\/2025\/09\/156-copia-scaled.webp","width":1707,"height":2560},{"@type":"BreadcrumbList","@id":"https:\/\/annapratbrand.com\/ca\/producto\/mod-9-blouse-lea-copia-copia-copia-copia-copia-copia-2\/#breadcrumb","itemListElement":[{"@type":"ListItem","position":1,"name":"Portada","item":"https:\/\/annapratbrand.com\/ca\/home\/"},{"@type":"ListItem","position":2,"name":"Productes","item":"https:\/\/annapratbrand.com\/ca\/shop\/"},{"@type":"ListItem","position":3,"name":"MOD 64 BLAZER BLUE VELVET"}]},{"@type":"WebSite","@id":"https:\/\/annapratbrand.com\/ca\/#website","url":"https:\/\/annapratbrand.com\/ca\/","name":"Anna Prat Personal Brand","description":"Anna Prat Brand","publisher":{"@id":"https:\/\/annapratbrand.com\/ca\/#organization"},"potentialAction":[{"@type":"SearchAction","target":{"@type":"EntryPoint","urlTemplate":"https:\/\/annapratbrand.com\/ca\/?s={search_term_string}"},"query-input":{"@type":"PropertyValueSpecification","valueRequired":true,"valueName":"search_term_string"}}],"inLanguage":"ca"},{"@type":"Organization","@id":"https:\/\/annapratbrand.com\/ca\/#organization","name":"Anna Prat Personal Brand","url":"https:\/\/annapratbrand.com\/ca\/","logo":{"@type":"ImageObject","inLanguage":"ca","@id":"https:\/\/annapratbrand.com\/ca\/#\/schema\/logo\/image\/","url":"https:\/\/annapratbrand.com\/wp-content\/uploads\/2025\/04\/logo_mes_gran.jpg","contentUrl":"https:\/\/annapratbrand.com\/wp-content\/uploads\/2025\/04\/logo_mes_gran.jpg","width":428,"height":152,"caption":"Anna Prat Personal Brand"},"image":{"@id":"https:\/\/annapratbrand.com\/ca\/#\/schema\/logo\/image\/"},"sameAs":["https:\/\/www.facebook.com\/people\/Anna-Prat\/61565411204077\/","https:\/\/www.instagram.com\/annapratannananuski\/"]}]}},"_links":{"self":[{"href":"https:\/\/annapratbrand.com\/ca\/wp-json\/wp\/v2\/product\/3365","targetHints":{"allow":["GET"]}}],"collection":[{"href":"https:\/\/annapratbrand.com\/ca\/wp-json\/wp\/v2\/product"}],"about":[{"href":"https:\/\/annapratbrand.com\/ca\/wp-json\/wp\/v2\/types\/product"}],"wp:featuredmedia":[{"embeddable":true,"href":"https:\/\/annapratbrand.com\/ca\/wp-json\/wp\/v2\/media\/2990"}],"wp:attachment":[{"href":"https:\/\/annapratbrand.com\/ca\/wp-json\/wp\/v2\/media?parent=3365"}],"wp:term":[{"taxonomy":"product_brand","embeddable":true,"href":"https:\/\/annapratbrand.com\/ca\/wp-json\/wp\/v2\/product_brand?post=3365"},{"taxonomy":"product_cat","embeddable":true,"href":"https:\/\/annapratbrand.com\/ca\/wp-json\/wp\/v2\/product_cat?post=3365"},{"taxonomy":"product_tag","embeddable":true,"href":"https:\/\/annapratbrand.com\/ca\/wp-json\/wp\/v2\/product_tag?post=3365"}],"curies":[{"name":"wp","href":"https:\/\/api.w.org\/{rel}","templated":true}]}}