{"id":3348,"date":"2025-10-02T18:48:16","date_gmt":"2025-10-02T16:48:16","guid":{"rendered":"https:\/\/annapratbrand.com\/?post_type=product&#038;p=3348"},"modified":"2025-10-16T20:50:54","modified_gmt":"2025-10-16T18:50:54","slug":"mod-9-blouse-lea-copia-copia-2","status":"publish","type":"product","link":"https:\/\/annapratbrand.com\/ca\/producto\/mod-9-blouse-lea-copia-copia-2\/","title":{"rendered":"MOD 57 BLOUSE CAMELLIA"},"content":{"rendered":"<div class=\"wp-block-image\">\n<p data-start=\"215\" data-end=\"278\"><strong>Brusa fluida de Voile Sedoso amb estampat floral exclusiu. Eleg\u00e0ncia et\u00e8ria, sofisticaci\u00f3 a cada detall. <\/strong><\/p>\n<ul data-start=\"486\" data-end=\"617\">\n<li data-start=\"486\" data-end=\"515\">\n<p data-start=\"488\" data-end=\"515\">Teixit de Voile sed\u00f3s extraordin\u00e0ria suavitat, caiguda fluida i elegant i transpar\u00e8ncia subtil, que aporta un aire sofisticat i distingit.<\/p>\n<\/li>\n<li data-start=\"486\" data-end=\"515\">\n<p data-start=\"488\" data-end=\"515\">Estampat floral exclusiu en tons kakhi fosc, malves i buguenv\u00edl\u00b7lea, converteix aquesta pe\u00e7a en una pe\u00e7a \u00fanica.<\/p>\n<\/li>\n<\/ul>\n<ul data-start=\"851\" data-end=\"1263\">\n<li data-start=\"851\" data-end=\"912\">\n<p data-start=\"853\" data-end=\"912\">Tall ampli i c\u00f2mode, per a una silueta relaxada i chic.<\/p>\n<\/li>\n<li data-start=\"913\" data-end=\"1026\">\n<p data-start=\"915\" data-end=\"1026\">Coll amb lla\u00e7 removible: fes-lo servir amb el lla\u00e7 per a un look refinat o sense per a una opci\u00f3 m\u00e9s desenfadada<\/p>\n<\/li>\n<li data-start=\"1027\" data-end=\"1081\">\n<p data-start=\"1029\" data-end=\"1081\">M\u00e0nigues rangl\u00e0n per a una caiguda natural i elegant.<\/p>\n<\/li>\n<li data-start=\"1082\" data-end=\"1160\">\n<p data-start=\"1084\" data-end=\"1160\">Punys estrets amb bot\u00f3 met\u00e0l\u00b7lic de color plata, delicats i femenins.<\/p>\n<\/li>\n<li data-start=\"1161\" data-end=\"1263\">\n<p data-start=\"1163\" data-end=\"1263\">Abotonadura ;Botons en to plata, que sumen un toc sofisticat.<\/p>\n<\/li>\n<li data-start=\"1161\" data-end=\"1263\">Coll: Amb lla\u00e7 (lleva i posa) amb el lla\u00e7 per a un look m\u00e9s refinat i sense per a una opci\u00f3 m\u00e9s relaxada.<\/li>\n<li data-start=\"1161\" data-end=\"1263\">Estil:Una pe\u00e7a elegant, fluida i molt femenina, perfecta per fer coordinacions inesperades, o per combinar amb b\u00e0sics i donar aquest toc distintiu que transforma qualsevol conjunt.<\/li>\n<\/ul>\n<p>Brusa m\u00e0niga rangl\u00e0n que incorpora lla\u00e7 dissenyada amb \u201cPrint\u201d floral en tons hivernals molt afavoridors, dissenyada en Voile sed\u00f3s semitransparent, molt lleuger i de gran suavitat. Real\u00e7a la feminitat, eleg\u00e0ncia i sensualitat. <strong>&#8221; Eleg\u00e0ncia et\u00e8ria, sofisticaci\u00f3 a cada detall&#8221;<\/strong><\/p>\n<p>&nbsp;<\/p>\n<div class=\"wp-block-image\">\n<p>&nbsp;<\/p>\n<div class=\"wp-block-image\">\n<p>&nbsp;<\/p>\n<div class=\"wp-block-image\">\n<div class=\"wp-block-image\"><\/div>\n<\/div>\n<\/div>\n<\/div>\n<\/div>\n<p>&nbsp;<\/p>\n","protected":false},"excerpt":{"rendered":"<p>Brusa fluida de Voile Sedoso amb estampat floral exclusiu. Eleg\u00e0ncia et\u00e8ria, sofisticaci\u00f3 a cada detall. Teixit de Voile sed\u00f3s extraordin\u00e0ria suavitat, caiguda fluida i elegant i transpar\u00e8ncia subtil, que aporta un aire sofisticat i distingit. Estampat floral exclusiu en tons kakhi fosc, malves i buguenv\u00edl\u00b7lea, converteix aquesta pe\u00e7a en una pe\u00e7a \u00fanica. Tall ampli i&hellip; <a class=\"continue\" href=\"https:\/\/annapratbrand.com\/ca\/producto\/mod-9-blouse-lea-copia-copia-2\/\">Continue Reading<span> MOD 57 BLOUSE CAMELLIA<\/span><\/a><\/p>\n","protected":false},"featured_media":2698,"template":"","meta":{"_et_pb_use_builder":"","_et_pb_old_content":"","_et_gb_content_width":""},"product_brand":[],"product_cat":[140,252,231],"product_tag":[],"class_list":{"0":"post-3348","1":"product","2":"type-product","3":"status-publish","4":"has-post-thumbnail","6":"product_cat-blouse-ca","7":"product_cat-camellia-ca","8":"product_cat-hivern-25-26","10":"first","11":"instock","12":"shipping-taxable","13":"product-type-simple"},"yoast_head":"<!-- This site is optimized with the Yoast SEO plugin v27.4 - https:\/\/yoast.com\/product\/yoast-seo-wordpress\/ -->\n<title>MOD 57 BLOUSE CAMELLIA - Anna Prat Personal Brand<\/title>\n<meta name=\"robots\" content=\"index, follow, max-snippet:-1, max-image-preview:large, max-video-preview:-1\" \/>\n<link rel=\"canonical\" href=\"https:\/\/annapratbrand.com\/ca\/producto\/mod-9-blouse-lea-copia-copia-2\/\" \/>\n<meta property=\"og:locale\" content=\"ca_ES\" \/>\n<meta property=\"og:type\" content=\"article\" \/>\n<meta property=\"og:title\" content=\"MOD 57 BLOUSE CAMELLIA - Anna Prat Personal Brand\" \/>\n<meta property=\"og:description\" content=\"Brusa fluida de Voile Sedoso amb estampat floral exclusiu. Eleg\u00e0ncia et\u00e8ria, sofisticaci\u00f3 a cada detall. Teixit de Voile sed\u00f3s extraordin\u00e0ria suavitat, caiguda fluida i elegant i transpar\u00e8ncia subtil, que aporta un aire sofisticat i distingit. Estampat floral exclusiu en tons kakhi fosc, malves i buguenv\u00edl\u00b7lea, converteix aquesta pe\u00e7a en una pe\u00e7a \u00fanica. Tall ampli i&hellip; Continue Reading MOD 57 BLOUSE CAMELLIA\" \/>\n<meta property=\"og:url\" content=\"https:\/\/annapratbrand.com\/ca\/producto\/mod-9-blouse-lea-copia-copia-2\/\" \/>\n<meta property=\"og:site_name\" content=\"Anna Prat Personal Brand\" \/>\n<meta property=\"article:publisher\" content=\"https:\/\/www.facebook.com\/people\/Anna-Prat\/61565411204077\/\" \/>\n<meta property=\"article:modified_time\" content=\"2025-10-16T18:50:54+00:00\" \/>\n<meta property=\"og:image\" content=\"https:\/\/annapratbrand.com\/wp-content\/uploads\/2025\/09\/81-copia-scaled.webp\" \/>\n\t<meta property=\"og:image:width\" content=\"1707\" \/>\n\t<meta property=\"og:image:height\" content=\"2560\" \/>\n\t<meta property=\"og:image:type\" content=\"image\/webp\" \/>\n<meta name=\"twitter:card\" content=\"summary_large_image\" \/>\n<script type=\"application\/ld+json\" class=\"yoast-schema-graph\">{\"@context\":\"https:\\\/\\\/schema.org\",\"@graph\":[{\"@type\":\"WebPage\",\"@id\":\"https:\\\/\\\/annapratbrand.com\\\/ca\\\/producto\\\/mod-9-blouse-lea-copia-copia-2\\\/\",\"url\":\"https:\\\/\\\/annapratbrand.com\\\/ca\\\/producto\\\/mod-9-blouse-lea-copia-copia-2\\\/\",\"name\":\"MOD 57 BLOUSE CAMELLIA - Anna Prat Personal Brand\",\"isPartOf\":{\"@id\":\"https:\\\/\\\/annapratbrand.com\\\/ca\\\/#website\"},\"primaryImageOfPage\":{\"@id\":\"https:\\\/\\\/annapratbrand.com\\\/ca\\\/producto\\\/mod-9-blouse-lea-copia-copia-2\\\/#primaryimage\"},\"image\":{\"@id\":\"https:\\\/\\\/annapratbrand.com\\\/ca\\\/producto\\\/mod-9-blouse-lea-copia-copia-2\\\/#primaryimage\"},\"thumbnailUrl\":\"https:\\\/\\\/annapratbrand.com\\\/wp-content\\\/uploads\\\/2025\\\/09\\\/81-copia-scaled.webp\",\"datePublished\":\"2025-10-02T16:48:16+00:00\",\"dateModified\":\"2025-10-16T18:50:54+00:00\",\"breadcrumb\":{\"@id\":\"https:\\\/\\\/annapratbrand.com\\\/ca\\\/producto\\\/mod-9-blouse-lea-copia-copia-2\\\/#breadcrumb\"},\"inLanguage\":\"ca\",\"potentialAction\":[{\"@type\":\"ReadAction\",\"target\":[\"https:\\\/\\\/annapratbrand.com\\\/ca\\\/producto\\\/mod-9-blouse-lea-copia-copia-2\\\/\"]}]},{\"@type\":\"ImageObject\",\"inLanguage\":\"ca\",\"@id\":\"https:\\\/\\\/annapratbrand.com\\\/ca\\\/producto\\\/mod-9-blouse-lea-copia-copia-2\\\/#primaryimage\",\"url\":\"https:\\\/\\\/annapratbrand.com\\\/wp-content\\\/uploads\\\/2025\\\/09\\\/81-copia-scaled.webp\",\"contentUrl\":\"https:\\\/\\\/annapratbrand.com\\\/wp-content\\\/uploads\\\/2025\\\/09\\\/81-copia-scaled.webp\",\"width\":1707,\"height\":2560},{\"@type\":\"BreadcrumbList\",\"@id\":\"https:\\\/\\\/annapratbrand.com\\\/ca\\\/producto\\\/mod-9-blouse-lea-copia-copia-2\\\/#breadcrumb\",\"itemListElement\":[{\"@type\":\"ListItem\",\"position\":1,\"name\":\"Portada\",\"item\":\"https:\\\/\\\/annapratbrand.com\\\/ca\\\/home\\\/\"},{\"@type\":\"ListItem\",\"position\":2,\"name\":\"Productes\",\"item\":\"https:\\\/\\\/annapratbrand.com\\\/ca\\\/shop\\\/\"},{\"@type\":\"ListItem\",\"position\":3,\"name\":\"MOD 57 BLOUSE CAMELLIA\"}]},{\"@type\":\"WebSite\",\"@id\":\"https:\\\/\\\/annapratbrand.com\\\/ca\\\/#website\",\"url\":\"https:\\\/\\\/annapratbrand.com\\\/ca\\\/\",\"name\":\"Anna Prat Personal Brand\",\"description\":\"Anna Prat Brand\",\"publisher\":{\"@id\":\"https:\\\/\\\/annapratbrand.com\\\/ca\\\/#organization\"},\"potentialAction\":[{\"@type\":\"SearchAction\",\"target\":{\"@type\":\"EntryPoint\",\"urlTemplate\":\"https:\\\/\\\/annapratbrand.com\\\/ca\\\/?s={search_term_string}\"},\"query-input\":{\"@type\":\"PropertyValueSpecification\",\"valueRequired\":true,\"valueName\":\"search_term_string\"}}],\"inLanguage\":\"ca\"},{\"@type\":\"Organization\",\"@id\":\"https:\\\/\\\/annapratbrand.com\\\/ca\\\/#organization\",\"name\":\"Anna Prat Personal Brand\",\"url\":\"https:\\\/\\\/annapratbrand.com\\\/ca\\\/\",\"logo\":{\"@type\":\"ImageObject\",\"inLanguage\":\"ca\",\"@id\":\"https:\\\/\\\/annapratbrand.com\\\/ca\\\/#\\\/schema\\\/logo\\\/image\\\/\",\"url\":\"https:\\\/\\\/annapratbrand.com\\\/wp-content\\\/uploads\\\/2025\\\/04\\\/logo_mes_gran.jpg\",\"contentUrl\":\"https:\\\/\\\/annapratbrand.com\\\/wp-content\\\/uploads\\\/2025\\\/04\\\/logo_mes_gran.jpg\",\"width\":428,\"height\":152,\"caption\":\"Anna Prat Personal Brand\"},\"image\":{\"@id\":\"https:\\\/\\\/annapratbrand.com\\\/ca\\\/#\\\/schema\\\/logo\\\/image\\\/\"},\"sameAs\":[\"https:\\\/\\\/www.facebook.com\\\/people\\\/Anna-Prat\\\/61565411204077\\\/\",\"https:\\\/\\\/www.instagram.com\\\/annapratannananuski\\\/\"]}]}<\/script>\n<!-- \/ Yoast SEO plugin. -->","yoast_head_json":{"title":"MOD 57 BLOUSE CAMELLIA - Anna Prat Personal Brand","robots":{"index":"index","follow":"follow","max-snippet":"max-snippet:-1","max-image-preview":"max-image-preview:large","max-video-preview":"max-video-preview:-1"},"canonical":"https:\/\/annapratbrand.com\/ca\/producto\/mod-9-blouse-lea-copia-copia-2\/","og_locale":"ca_ES","og_type":"article","og_title":"MOD 57 BLOUSE CAMELLIA - Anna Prat Personal Brand","og_description":"Brusa fluida de Voile Sedoso amb estampat floral exclusiu. Eleg\u00e0ncia et\u00e8ria, sofisticaci\u00f3 a cada detall. Teixit de Voile sed\u00f3s extraordin\u00e0ria suavitat, caiguda fluida i elegant i transpar\u00e8ncia subtil, que aporta un aire sofisticat i distingit. Estampat floral exclusiu en tons kakhi fosc, malves i buguenv\u00edl\u00b7lea, converteix aquesta pe\u00e7a en una pe\u00e7a \u00fanica. Tall ampli i&hellip; Continue Reading MOD 57 BLOUSE CAMELLIA","og_url":"https:\/\/annapratbrand.com\/ca\/producto\/mod-9-blouse-lea-copia-copia-2\/","og_site_name":"Anna Prat Personal Brand","article_publisher":"https:\/\/www.facebook.com\/people\/Anna-Prat\/61565411204077\/","article_modified_time":"2025-10-16T18:50:54+00:00","og_image":[{"width":1707,"height":2560,"url":"https:\/\/annapratbrand.com\/wp-content\/uploads\/2025\/09\/81-copia-scaled.webp","type":"image\/webp"}],"twitter_card":"summary_large_image","schema":{"@context":"https:\/\/schema.org","@graph":[{"@type":"WebPage","@id":"https:\/\/annapratbrand.com\/ca\/producto\/mod-9-blouse-lea-copia-copia-2\/","url":"https:\/\/annapratbrand.com\/ca\/producto\/mod-9-blouse-lea-copia-copia-2\/","name":"MOD 57 BLOUSE CAMELLIA - Anna Prat Personal Brand","isPartOf":{"@id":"https:\/\/annapratbrand.com\/ca\/#website"},"primaryImageOfPage":{"@id":"https:\/\/annapratbrand.com\/ca\/producto\/mod-9-blouse-lea-copia-copia-2\/#primaryimage"},"image":{"@id":"https:\/\/annapratbrand.com\/ca\/producto\/mod-9-blouse-lea-copia-copia-2\/#primaryimage"},"thumbnailUrl":"https:\/\/annapratbrand.com\/wp-content\/uploads\/2025\/09\/81-copia-scaled.webp","datePublished":"2025-10-02T16:48:16+00:00","dateModified":"2025-10-16T18:50:54+00:00","breadcrumb":{"@id":"https:\/\/annapratbrand.com\/ca\/producto\/mod-9-blouse-lea-copia-copia-2\/#breadcrumb"},"inLanguage":"ca","potentialAction":[{"@type":"ReadAction","target":["https:\/\/annapratbrand.com\/ca\/producto\/mod-9-blouse-lea-copia-copia-2\/"]}]},{"@type":"ImageObject","inLanguage":"ca","@id":"https:\/\/annapratbrand.com\/ca\/producto\/mod-9-blouse-lea-copia-copia-2\/#primaryimage","url":"https:\/\/annapratbrand.com\/wp-content\/uploads\/2025\/09\/81-copia-scaled.webp","contentUrl":"https:\/\/annapratbrand.com\/wp-content\/uploads\/2025\/09\/81-copia-scaled.webp","width":1707,"height":2560},{"@type":"BreadcrumbList","@id":"https:\/\/annapratbrand.com\/ca\/producto\/mod-9-blouse-lea-copia-copia-2\/#breadcrumb","itemListElement":[{"@type":"ListItem","position":1,"name":"Portada","item":"https:\/\/annapratbrand.com\/ca\/home\/"},{"@type":"ListItem","position":2,"name":"Productes","item":"https:\/\/annapratbrand.com\/ca\/shop\/"},{"@type":"ListItem","position":3,"name":"MOD 57 BLOUSE CAMELLIA"}]},{"@type":"WebSite","@id":"https:\/\/annapratbrand.com\/ca\/#website","url":"https:\/\/annapratbrand.com\/ca\/","name":"Anna Prat Personal Brand","description":"Anna Prat Brand","publisher":{"@id":"https:\/\/annapratbrand.com\/ca\/#organization"},"potentialAction":[{"@type":"SearchAction","target":{"@type":"EntryPoint","urlTemplate":"https:\/\/annapratbrand.com\/ca\/?s={search_term_string}"},"query-input":{"@type":"PropertyValueSpecification","valueRequired":true,"valueName":"search_term_string"}}],"inLanguage":"ca"},{"@type":"Organization","@id":"https:\/\/annapratbrand.com\/ca\/#organization","name":"Anna Prat Personal Brand","url":"https:\/\/annapratbrand.com\/ca\/","logo":{"@type":"ImageObject","inLanguage":"ca","@id":"https:\/\/annapratbrand.com\/ca\/#\/schema\/logo\/image\/","url":"https:\/\/annapratbrand.com\/wp-content\/uploads\/2025\/04\/logo_mes_gran.jpg","contentUrl":"https:\/\/annapratbrand.com\/wp-content\/uploads\/2025\/04\/logo_mes_gran.jpg","width":428,"height":152,"caption":"Anna Prat Personal Brand"},"image":{"@id":"https:\/\/annapratbrand.com\/ca\/#\/schema\/logo\/image\/"},"sameAs":["https:\/\/www.facebook.com\/people\/Anna-Prat\/61565411204077\/","https:\/\/www.instagram.com\/annapratannananuski\/"]}]}},"_links":{"self":[{"href":"https:\/\/annapratbrand.com\/ca\/wp-json\/wp\/v2\/product\/3348","targetHints":{"allow":["GET"]}}],"collection":[{"href":"https:\/\/annapratbrand.com\/ca\/wp-json\/wp\/v2\/product"}],"about":[{"href":"https:\/\/annapratbrand.com\/ca\/wp-json\/wp\/v2\/types\/product"}],"wp:featuredmedia":[{"embeddable":true,"href":"https:\/\/annapratbrand.com\/ca\/wp-json\/wp\/v2\/media\/2698"}],"wp:attachment":[{"href":"https:\/\/annapratbrand.com\/ca\/wp-json\/wp\/v2\/media?parent=3348"}],"wp:term":[{"taxonomy":"product_brand","embeddable":true,"href":"https:\/\/annapratbrand.com\/ca\/wp-json\/wp\/v2\/product_brand?post=3348"},{"taxonomy":"product_cat","embeddable":true,"href":"https:\/\/annapratbrand.com\/ca\/wp-json\/wp\/v2\/product_cat?post=3348"},{"taxonomy":"product_tag","embeddable":true,"href":"https:\/\/annapratbrand.com\/ca\/wp-json\/wp\/v2\/product_tag?post=3348"}],"curies":[{"name":"wp","href":"https:\/\/api.w.org\/{rel}","templated":true}]}}