{"id":1577,"date":"2025-03-25T09:59:42","date_gmt":"2025-03-25T08:59:42","guid":{"rendered":"https:\/\/annapratbrand.com\/producto\/mod-44-blouse-chiara\/"},"modified":"2025-10-16T22:20:36","modified_gmt":"2025-10-16T20:20:36","slug":"mod-44-blouse-chiara","status":"publish","type":"product","link":"https:\/\/annapratbrand.com\/ca\/producto\/mod-44-blouse-chiara\/","title":{"rendered":"MOD 44 BLOUSE CHIARA"},"content":{"rendered":"<p>Top ample de m\u00e0niga \u00be, amb escot vaixell engomat i petita obertura central.<\/p>\n<p>Col\u00b7lecci\u00f3 realitzada amb teixit 100% cot\u00f3 brodat, la qual cosa garanteix una textura suau, lleugera i c\u00f2moda per a l&#8217;\u00fas diari. L&#8217;estampat floral afegeix un aire fresc i primaveral a les peces.  Patrons especials i distints. Peces actuals, vers\u00e0tils i fresques per al teu dia a dia.<\/p>\n<p><img loading=\"lazy\" decoding=\"async\" class=\"alignnone size-medium wp-image-1210\" src=\"https:\/\/annapratbrand.com\/wp-content\/uploads\/2025\/03\/CHIARA-300x77.png\" alt=\"\" width=\"300\" height=\"77\"><\/p>\n","protected":false},"excerpt":{"rendered":"<p>Top ample de m\u00e0niga \u00be, amb escot vaixell engomat i petita obertura central. Col\u00b7lecci\u00f3 realitzada amb teixit 100% cot\u00f3 brodat, la qual cosa garanteix una textura suau, lleugera i c\u00f2moda per a l&#8217;\u00fas diari. L&#8217;estampat floral afegeix un aire fresc i primaveral a les peces. Patrons especials i distints. Peces actuals, vers\u00e0tils i fresques per&hellip; <a class=\"continue\" href=\"https:\/\/annapratbrand.com\/ca\/producto\/mod-44-blouse-chiara\/\">Continue Reading<span> MOD 44 BLOUSE CHIARA<\/span><\/a><\/p>\n","protected":false},"featured_media":998,"template":"","meta":{"_et_pb_use_builder":"","_et_pb_old_content":"","_et_gb_content_width":""},"product_brand":[],"product_cat":[140,163,258],"product_tag":[],"class_list":{"0":"post-1577","1":"product","2":"type-product","3":"status-publish","4":"has-post-thumbnail","6":"product_cat-blouse-ca","7":"product_cat-chiara-ca","8":"product_cat-estiu-25","10":"first","11":"instock","12":"shipping-taxable","13":"product-type-simple"},"yoast_head":"<!-- This site is optimized with the Yoast SEO plugin v27.4 - https:\/\/yoast.com\/product\/yoast-seo-wordpress\/ -->\n<title>MOD 44 BLOUSE CHIARA - Anna Prat Personal Brand<\/title>\n<meta name=\"robots\" content=\"index, follow, max-snippet:-1, max-image-preview:large, max-video-preview:-1\" \/>\n<link rel=\"canonical\" href=\"https:\/\/annapratbrand.com\/ca\/producto\/mod-44-blouse-chiara\/\" \/>\n<meta property=\"og:locale\" content=\"ca_ES\" \/>\n<meta property=\"og:type\" content=\"article\" \/>\n<meta property=\"og:title\" content=\"MOD 44 BLOUSE CHIARA - Anna Prat Personal Brand\" \/>\n<meta property=\"og:description\" content=\"Top ample de m\u00e0niga \u00be, amb escot vaixell engomat i petita obertura central. Col\u00b7lecci\u00f3 realitzada amb teixit 100% cot\u00f3 brodat, la qual cosa garanteix una textura suau, lleugera i c\u00f2moda per a l&#8217;\u00fas diari. L&#8217;estampat floral afegeix un aire fresc i primaveral a les peces. Patrons especials i distints. Peces actuals, vers\u00e0tils i fresques per&hellip; Continue Reading MOD 44 BLOUSE CHIARA\" \/>\n<meta property=\"og:url\" content=\"https:\/\/annapratbrand.com\/ca\/producto\/mod-44-blouse-chiara\/\" \/>\n<meta property=\"og:site_name\" content=\"Anna Prat Personal Brand\" \/>\n<meta property=\"article:publisher\" content=\"https:\/\/www.facebook.com\/people\/Anna-Prat\/61565411204077\/\" \/>\n<meta property=\"article:modified_time\" content=\"2025-10-16T20:20:36+00:00\" \/>\n<meta property=\"og:image\" content=\"https:\/\/annapratbrand.com\/wp-content\/uploads\/2025\/03\/chiara-mod-44-cara.jpg\" \/>\n\t<meta property=\"og:image:width\" content=\"1200\" \/>\n\t<meta property=\"og:image:height\" content=\"1600\" \/>\n\t<meta property=\"og:image:type\" content=\"image\/jpeg\" \/>\n<meta name=\"twitter:card\" content=\"summary_large_image\" \/>\n<script type=\"application\/ld+json\" class=\"yoast-schema-graph\">{\"@context\":\"https:\\\/\\\/schema.org\",\"@graph\":[{\"@type\":\"WebPage\",\"@id\":\"https:\\\/\\\/annapratbrand.com\\\/ca\\\/producto\\\/mod-44-blouse-chiara\\\/\",\"url\":\"https:\\\/\\\/annapratbrand.com\\\/ca\\\/producto\\\/mod-44-blouse-chiara\\\/\",\"name\":\"MOD 44 BLOUSE CHIARA - Anna Prat Personal Brand\",\"isPartOf\":{\"@id\":\"https:\\\/\\\/annapratbrand.com\\\/ca\\\/#website\"},\"primaryImageOfPage\":{\"@id\":\"https:\\\/\\\/annapratbrand.com\\\/ca\\\/producto\\\/mod-44-blouse-chiara\\\/#primaryimage\"},\"image\":{\"@id\":\"https:\\\/\\\/annapratbrand.com\\\/ca\\\/producto\\\/mod-44-blouse-chiara\\\/#primaryimage\"},\"thumbnailUrl\":\"https:\\\/\\\/annapratbrand.com\\\/wp-content\\\/uploads\\\/2025\\\/03\\\/chiara-mod-44-cara.jpg\",\"datePublished\":\"2025-03-25T08:59:42+00:00\",\"dateModified\":\"2025-10-16T20:20:36+00:00\",\"breadcrumb\":{\"@id\":\"https:\\\/\\\/annapratbrand.com\\\/ca\\\/producto\\\/mod-44-blouse-chiara\\\/#breadcrumb\"},\"inLanguage\":\"ca\",\"potentialAction\":[{\"@type\":\"ReadAction\",\"target\":[\"https:\\\/\\\/annapratbrand.com\\\/ca\\\/producto\\\/mod-44-blouse-chiara\\\/\"]}]},{\"@type\":\"ImageObject\",\"inLanguage\":\"ca\",\"@id\":\"https:\\\/\\\/annapratbrand.com\\\/ca\\\/producto\\\/mod-44-blouse-chiara\\\/#primaryimage\",\"url\":\"https:\\\/\\\/annapratbrand.com\\\/wp-content\\\/uploads\\\/2025\\\/03\\\/chiara-mod-44-cara.jpg\",\"contentUrl\":\"https:\\\/\\\/annapratbrand.com\\\/wp-content\\\/uploads\\\/2025\\\/03\\\/chiara-mod-44-cara.jpg\",\"width\":1200,\"height\":1600},{\"@type\":\"BreadcrumbList\",\"@id\":\"https:\\\/\\\/annapratbrand.com\\\/ca\\\/producto\\\/mod-44-blouse-chiara\\\/#breadcrumb\",\"itemListElement\":[{\"@type\":\"ListItem\",\"position\":1,\"name\":\"Portada\",\"item\":\"https:\\\/\\\/annapratbrand.com\\\/ca\\\/home\\\/\"},{\"@type\":\"ListItem\",\"position\":2,\"name\":\"Productes\",\"item\":\"https:\\\/\\\/annapratbrand.com\\\/ca\\\/shop\\\/\"},{\"@type\":\"ListItem\",\"position\":3,\"name\":\"MOD 44 BLOUSE CHIARA\"}]},{\"@type\":\"WebSite\",\"@id\":\"https:\\\/\\\/annapratbrand.com\\\/ca\\\/#website\",\"url\":\"https:\\\/\\\/annapratbrand.com\\\/ca\\\/\",\"name\":\"Anna Prat Personal Brand\",\"description\":\"Anna Prat Brand\",\"publisher\":{\"@id\":\"https:\\\/\\\/annapratbrand.com\\\/ca\\\/#organization\"},\"potentialAction\":[{\"@type\":\"SearchAction\",\"target\":{\"@type\":\"EntryPoint\",\"urlTemplate\":\"https:\\\/\\\/annapratbrand.com\\\/ca\\\/?s={search_term_string}\"},\"query-input\":{\"@type\":\"PropertyValueSpecification\",\"valueRequired\":true,\"valueName\":\"search_term_string\"}}],\"inLanguage\":\"ca\"},{\"@type\":\"Organization\",\"@id\":\"https:\\\/\\\/annapratbrand.com\\\/ca\\\/#organization\",\"name\":\"Anna Prat Personal Brand\",\"url\":\"https:\\\/\\\/annapratbrand.com\\\/ca\\\/\",\"logo\":{\"@type\":\"ImageObject\",\"inLanguage\":\"ca\",\"@id\":\"https:\\\/\\\/annapratbrand.com\\\/ca\\\/#\\\/schema\\\/logo\\\/image\\\/\",\"url\":\"https:\\\/\\\/annapratbrand.com\\\/wp-content\\\/uploads\\\/2025\\\/04\\\/logo_mes_gran.jpg\",\"contentUrl\":\"https:\\\/\\\/annapratbrand.com\\\/wp-content\\\/uploads\\\/2025\\\/04\\\/logo_mes_gran.jpg\",\"width\":428,\"height\":152,\"caption\":\"Anna Prat Personal Brand\"},\"image\":{\"@id\":\"https:\\\/\\\/annapratbrand.com\\\/ca\\\/#\\\/schema\\\/logo\\\/image\\\/\"},\"sameAs\":[\"https:\\\/\\\/www.facebook.com\\\/people\\\/Anna-Prat\\\/61565411204077\\\/\",\"https:\\\/\\\/www.instagram.com\\\/annapratannananuski\\\/\"]}]}<\/script>\n<!-- \/ Yoast SEO plugin. -->","yoast_head_json":{"title":"MOD 44 BLOUSE CHIARA - Anna Prat Personal Brand","robots":{"index":"index","follow":"follow","max-snippet":"max-snippet:-1","max-image-preview":"max-image-preview:large","max-video-preview":"max-video-preview:-1"},"canonical":"https:\/\/annapratbrand.com\/ca\/producto\/mod-44-blouse-chiara\/","og_locale":"ca_ES","og_type":"article","og_title":"MOD 44 BLOUSE CHIARA - Anna Prat Personal Brand","og_description":"Top ample de m\u00e0niga \u00be, amb escot vaixell engomat i petita obertura central. Col\u00b7lecci\u00f3 realitzada amb teixit 100% cot\u00f3 brodat, la qual cosa garanteix una textura suau, lleugera i c\u00f2moda per a l&#8217;\u00fas diari. L&#8217;estampat floral afegeix un aire fresc i primaveral a les peces. Patrons especials i distints. Peces actuals, vers\u00e0tils i fresques per&hellip; Continue Reading MOD 44 BLOUSE CHIARA","og_url":"https:\/\/annapratbrand.com\/ca\/producto\/mod-44-blouse-chiara\/","og_site_name":"Anna Prat Personal Brand","article_publisher":"https:\/\/www.facebook.com\/people\/Anna-Prat\/61565411204077\/","article_modified_time":"2025-10-16T20:20:36+00:00","og_image":[{"width":1200,"height":1600,"url":"https:\/\/annapratbrand.com\/wp-content\/uploads\/2025\/03\/chiara-mod-44-cara.jpg","type":"image\/jpeg"}],"twitter_card":"summary_large_image","schema":{"@context":"https:\/\/schema.org","@graph":[{"@type":"WebPage","@id":"https:\/\/annapratbrand.com\/ca\/producto\/mod-44-blouse-chiara\/","url":"https:\/\/annapratbrand.com\/ca\/producto\/mod-44-blouse-chiara\/","name":"MOD 44 BLOUSE CHIARA - Anna Prat Personal Brand","isPartOf":{"@id":"https:\/\/annapratbrand.com\/ca\/#website"},"primaryImageOfPage":{"@id":"https:\/\/annapratbrand.com\/ca\/producto\/mod-44-blouse-chiara\/#primaryimage"},"image":{"@id":"https:\/\/annapratbrand.com\/ca\/producto\/mod-44-blouse-chiara\/#primaryimage"},"thumbnailUrl":"https:\/\/annapratbrand.com\/wp-content\/uploads\/2025\/03\/chiara-mod-44-cara.jpg","datePublished":"2025-03-25T08:59:42+00:00","dateModified":"2025-10-16T20:20:36+00:00","breadcrumb":{"@id":"https:\/\/annapratbrand.com\/ca\/producto\/mod-44-blouse-chiara\/#breadcrumb"},"inLanguage":"ca","potentialAction":[{"@type":"ReadAction","target":["https:\/\/annapratbrand.com\/ca\/producto\/mod-44-blouse-chiara\/"]}]},{"@type":"ImageObject","inLanguage":"ca","@id":"https:\/\/annapratbrand.com\/ca\/producto\/mod-44-blouse-chiara\/#primaryimage","url":"https:\/\/annapratbrand.com\/wp-content\/uploads\/2025\/03\/chiara-mod-44-cara.jpg","contentUrl":"https:\/\/annapratbrand.com\/wp-content\/uploads\/2025\/03\/chiara-mod-44-cara.jpg","width":1200,"height":1600},{"@type":"BreadcrumbList","@id":"https:\/\/annapratbrand.com\/ca\/producto\/mod-44-blouse-chiara\/#breadcrumb","itemListElement":[{"@type":"ListItem","position":1,"name":"Portada","item":"https:\/\/annapratbrand.com\/ca\/home\/"},{"@type":"ListItem","position":2,"name":"Productes","item":"https:\/\/annapratbrand.com\/ca\/shop\/"},{"@type":"ListItem","position":3,"name":"MOD 44 BLOUSE CHIARA"}]},{"@type":"WebSite","@id":"https:\/\/annapratbrand.com\/ca\/#website","url":"https:\/\/annapratbrand.com\/ca\/","name":"Anna Prat Personal Brand","description":"Anna Prat Brand","publisher":{"@id":"https:\/\/annapratbrand.com\/ca\/#organization"},"potentialAction":[{"@type":"SearchAction","target":{"@type":"EntryPoint","urlTemplate":"https:\/\/annapratbrand.com\/ca\/?s={search_term_string}"},"query-input":{"@type":"PropertyValueSpecification","valueRequired":true,"valueName":"search_term_string"}}],"inLanguage":"ca"},{"@type":"Organization","@id":"https:\/\/annapratbrand.com\/ca\/#organization","name":"Anna Prat Personal Brand","url":"https:\/\/annapratbrand.com\/ca\/","logo":{"@type":"ImageObject","inLanguage":"ca","@id":"https:\/\/annapratbrand.com\/ca\/#\/schema\/logo\/image\/","url":"https:\/\/annapratbrand.com\/wp-content\/uploads\/2025\/04\/logo_mes_gran.jpg","contentUrl":"https:\/\/annapratbrand.com\/wp-content\/uploads\/2025\/04\/logo_mes_gran.jpg","width":428,"height":152,"caption":"Anna Prat Personal Brand"},"image":{"@id":"https:\/\/annapratbrand.com\/ca\/#\/schema\/logo\/image\/"},"sameAs":["https:\/\/www.facebook.com\/people\/Anna-Prat\/61565411204077\/","https:\/\/www.instagram.com\/annapratannananuski\/"]}]}},"_links":{"self":[{"href":"https:\/\/annapratbrand.com\/ca\/wp-json\/wp\/v2\/product\/1577","targetHints":{"allow":["GET"]}}],"collection":[{"href":"https:\/\/annapratbrand.com\/ca\/wp-json\/wp\/v2\/product"}],"about":[{"href":"https:\/\/annapratbrand.com\/ca\/wp-json\/wp\/v2\/types\/product"}],"wp:featuredmedia":[{"embeddable":true,"href":"https:\/\/annapratbrand.com\/ca\/wp-json\/wp\/v2\/media\/998"}],"wp:attachment":[{"href":"https:\/\/annapratbrand.com\/ca\/wp-json\/wp\/v2\/media?parent=1577"}],"wp:term":[{"taxonomy":"product_brand","embeddable":true,"href":"https:\/\/annapratbrand.com\/ca\/wp-json\/wp\/v2\/product_brand?post=1577"},{"taxonomy":"product_cat","embeddable":true,"href":"https:\/\/annapratbrand.com\/ca\/wp-json\/wp\/v2\/product_cat?post=1577"},{"taxonomy":"product_tag","embeddable":true,"href":"https:\/\/annapratbrand.com\/ca\/wp-json\/wp\/v2\/product_tag?post=1577"}],"curies":[{"name":"wp","href":"https:\/\/api.w.org\/{rel}","templated":true}]}}